{"id":41,"date":"2012-05-28T10:49:43","date_gmt":"2012-05-28T08:49:43","guid":{"rendered":"http:\/\/segurane.org\/?page_id=41"},"modified":"2020-05-20T17:47:06","modified_gmt":"2020-05-20T15:47:06","slug":"tarifs","status":"publish","type":"page","link":"https:\/\/segurane.org\/?page_id=41","title":{"rendered":"<!--:fr-->Tarifs<!--:--><!--:en-->Rates<!--:-->"},"content":{"rendered":"<p><!--:fr--><\/p>\n<table width=\"584\" cellspacing=\"0\" cellpadding=\"0\" border=\"0\">\n<colgroup>\n<col width=\"90\">\n<col width=\"54\">\n<col width=\"110\" span=\"4\"> <\/colgroup>\n<tbody>\n<tr>\n<td style=\"text-align: center;\" colspan=\"6\" width=\"584\" height=\"25\">&nbsp;<span style=\"color: #800000;\">TARIFS DE LOCATION&nbsp;&nbsp; &#8211;&nbsp;&nbsp; ANN\u00c9E UNIVERSITAIRE 2019 \/ 2020<\/span><\/td>\n<\/tr>\n<tr>\n<td style=\"text-align: center;\" colspan=\"6\" width=\"584\" height=\"21\"><span style=\"color: #800000;\">Tarifs appliqu\u00e9s du 1\/09\/2019 au 31\/08\/2020&nbsp;<\/span><\/td>\n<\/tr>\n<tr>\n<td style=\"text-align: center;\" height=\"22\"><span style=\"color: #000080;\">STUDIO<\/span><\/td>\n<td style=\"text-align: center;\"><span style=\"color: #000080;\">TYPE<\/span><\/td>\n<td style=\"text-align: center;\"><span style=\"color: #000080;\">12 mois<\/span><\/td>\n<td style=\"text-align: center;\"><span style=\"color: #000080;\">10\/11 mois<\/span><\/td>\n<td style=\"text-align: center;\"><span style=\"color: #000080;\">&nbsp;9 \/ 8 \/ 7 mois<\/span><\/td>\n<td style=\"text-align: center;\"><span style=\"color: #000080;\">De 1 \u00e0 6 mois<\/span><\/td>\n<\/tr>\n<tr>\n<td style=\"text-align: center;\" width=\"90\" height=\"58\"><span style=\"color: #000080;\">Individuel&nbsp;&nbsp;&nbsp;&nbsp;&nbsp;&nbsp;&nbsp;&nbsp;&nbsp;&nbsp;&nbsp;&nbsp;&nbsp;&nbsp;&nbsp; (15 \u00e0 17 m\u00b2)<\/span><\/td>\n<td style=\"text-align: center;\" width=\"54\">1<\/td>\n<td style=\"text-align: center;\" width=\"110\">550 \u20ac<\/td>\n<td style=\"text-align: center;\">565 \u20ac<\/td>\n<td style=\"text-align: center;\" width=\"110\">585 \u20ac<\/td>\n<td style=\"text-align: center;\">620 \u20ac<\/td>\n<\/tr>\n<tr>\n<td style=\"text-align: center;\" width=\"90\" height=\"58\"><span style=\"color: #000080;\">Individuel+balcon&nbsp; (15 \u00e0 17 m\u00b2)<\/span><\/td>\n<td style=\"text-align: center;\" width=\"54\">2<\/td>\n<td style=\"text-align: center;\" width=\"110\">565 \u20ac<\/td>\n<td style=\"text-align: center;\">580 \u20ac<\/td>\n<td style=\"text-align: center;\" width=\"110\">600 \u20ac<\/td>\n<td style=\"text-align: center;\">630 \u20ac<\/td>\n<\/tr>\n<tr>\n<td style=\"text-align: center;\" width=\"90\" height=\"58\"><span style=\"color: #000080;\">Individuel 26 m\u00b2<\/span><\/td>\n<td style=\"text-align: center;\" width=\"54\">3<\/td>\n<td style=\"text-align: center;\" width=\"110\">630 \u20ac<\/td>\n<td style=\"text-align: center;\">640 \u20ac<\/td>\n<td style=\"text-align: center;\" width=\"110\">660 \u20ac<\/td>\n<td style=\"text-align: center;\">690 \u20ac<\/td>\n<\/tr>\n<tr>\n<td style=\"text-align: center;\" width=\"90\" height=\"58\"><span style=\"color: #000080;\">Individuel 26 m\u00b2 &nbsp; &nbsp;( 2 pi\u00e8ces)<\/span><\/td>\n<td style=\"text-align: center;\" width=\"54\">4<\/td>\n<td style=\"text-align: center;\" width=\"110\">630 \u20ac<\/td>\n<td style=\"text-align: center;\">640 \u20ac<\/td>\n<td style=\"text-align: center;\" width=\"110\">660 \u20ac<\/td>\n<td style=\"text-align: center;\">690 \u20ac<\/td>\n<\/tr>\n<tr>\n<td style=\"text-align: center;\" width=\"90\" height=\"58\"><span style=\"color: #000080;\">Appartement&nbsp; 36m\u00b2 ( par pers.)<\/span><\/td>\n<td style=\"text-align: center;\" width=\"54\">5<\/td>\n<td style=\"text-align: center;\" width=\"110\">505 \u20ac<\/td>\n<td style=\"text-align: center;\">525 \u20ac<\/td>\n<td style=\"text-align: center;\" width=\"110\">535 \u20ac<\/td>\n<td style=\"text-align: center;\">575 \u20ac<\/td>\n<\/tr>\n<tr>\n<td style=\"text-align: center;\" colspan=\"6\" width=\"584\" height=\"21\">&nbsp;<span style=\"color: #800000;\">Prix mensuel exprim\u00e9 en Euros, TVA 10% incluse , toutes charges comprises, par personne.<\/span><\/td>\n<\/tr>\n<tr>\n<td colspan=\"6\" width=\"584\" height=\"8\">&nbsp;<\/td>\n<\/tr>\n<tr>\n<td colspan=\"3\" height=\"54\"><span style=\"color: #000080;\">&nbsp;FRAIS DE DOSSIER 1\u00e8re ANNEE : 400 \u20ac<br \/>\n&nbsp;FRAIS DE DOSSIER RENOUVELLEMENT : 200 \u20ac<br \/>\n<\/span><\/td>\n<td width=\"110\">&nbsp;<\/td>\n<td style=\"text-align: justify;\" colspan=\"2\" rowspan=\"7\" width=\"220\">En cas de d\u00e9part du locataire avant la date d&rsquo;\u00e9ch\u00e9ance pr\u00e9vue \u00e0 la signature de la convention de location, le loyer sera red\u00e9fini par le bar\u00e8me ci-dessus selon la dur\u00e9e r\u00e9elle d&rsquo;occupation. Il y aura donc r\u00e9troactivit\u00e9. La diff\u00e9rence pourra se compenser totalement ou partiellement avec la caution.<\/td>\n<\/tr>\n<tr>\n<td colspan=\"4\" width=\"364\" height=\"17\"><span style=\"color: #000080;\">CAUTION : 1 mois de loyer<\/span><\/td>\n<\/tr>\n<tr>\n<td height=\"17\">&nbsp;<\/td>\n<td>&nbsp;<\/td>\n<td>&nbsp;<\/td>\n<td>&nbsp;<\/td>\n<\/tr>\n<tr>\n<td colspan=\"3\" height=\"19\"><span style=\"color: #000080;\">PARKING : 150 \u20ac&nbsp; ( mensuel )<\/span><\/td>\n<td>&nbsp;<\/td>\n<\/tr>\n<tr>\n<td colspan=\"3\" height=\"15\"><span style=\"color: #000080;\">(caution \u00e9metteur portails : 100 \u20ac)<\/span><\/td>\n<td>&nbsp;<\/td>\n<\/tr>\n<tr>\n<td height=\"17\">&nbsp;<\/td>\n<td>&nbsp;<\/td>\n<td>&nbsp;<\/td>\n<td>&nbsp;<\/td>\n<\/tr>\n<tr>\n<td height=\"27\">&nbsp;<\/td>\n<td>&nbsp;<\/td>\n<td>&nbsp;<\/td>\n<td>&nbsp;<\/td>\n<\/tr>\n<tr>\n<td style=\"text-align: center;\" colspan=\"6\" rowspan=\"2\" width=\"584\" height=\"94\">\n<div dir=\"ltr\" data-setdir=\"false\">Pour les frais de dossiers, en plus du ch\u00e8que, possibilit\u00e9 de paiement par CB, par virement, ou par Pr\u00e9l\u00e8vement <a href=\"http:\/\/segurane.org\/wp-content\/uploads\/2020\/04\/Mandat-SEPA.pdf\">SEPA<\/a><\/div>\n<p>Veuillez joindre \u00e0 votre r\u00e9servation un ch\u00e8que de 400 \u20ac , \u00e0 l&rsquo;ordre de la R\u00e9sidence Segurane, au titre des frais de dossier, encaiss\u00e9 \u00e0 la remise ou l&rsquo;envoi du dossier d&rsquo;inscription ou acc\u00e9dez au paiement CB dans la rubrique \u00ab\u00a0R\u00e9servations\u00a0\u00bb. Toute demande non accompagn\u00e9e de ce ch\u00e8que ne sera pas prise en compte. Les frais de dossier ne sont en aucun cas remboursables apr\u00e8s remise ou envoi du dossier d&rsquo;inscription.<\/p>\n<p><em><strong><span style=\"color: #800000;\">Pour toute r\u00e9servation de moins de 6 mois, merci de contacter directement la r\u00e9sidence <\/span><\/strong><\/em><br \/>\n<em><strong><span style=\"color: #800000;\">( cf rubrique contact)&nbsp;<\/span><\/strong><\/em><\/p>\n<p>In addition to cheques, payment can be made by credit card, bank transfer or SEPA Direct Debit.<\/p>\n<p>Please enclose with your booking a cheque for 400 \u20ac, payable to R\u00e9sidence Segurane, for the booking fee, which will be cashed when you receive or send the registration form or access the credit card payment in the \u00ab\u00a0Reservations\u00a0\u00bb section. Any request not accompanied by this cheque will not be taken into account. The application fee is not refundable under any circumstances once the registration form has been handed in or sent.<\/td>\n<\/tr>\n<\/tbody>\n<\/table>\n<p><!--:--><!--:en--><\/p>\n<p><!--:--><\/p>\n","protected":false},"excerpt":{"rendered":"<p>&nbsp;TARIFS DE LOCATION&nbsp;&nbsp; &#8211;&nbsp;&nbsp; ANN\u00c9E UNIVERSITAIRE 2019 \/ 2020 Tarifs appliqu\u00e9s du 1\/09\/2019 au 31\/08\/2020&nbsp; STUDIO TYPE 12 mois 10\/11 mois &nbsp;9 \/ 8 \/ 7 mois De 1 \u00e0 6 mois Individuel&nbsp;&nbsp;&nbsp;&nbsp;&nbsp;&nbsp;&nbsp;&nbsp;&nbsp;&nbsp;&nbsp;&nbsp;&nbsp;&nbsp;&nbsp; (15 \u00e0 17 m\u00b2) 1 550 \u20ac 565 \u20ac 585 \u20ac 620 \u20ac Individuel+balcon&nbsp; (15 \u00e0 17 m\u00b2) 2 565 \u20ac 580 [&hellip;]<\/p>\n","protected":false},"author":2,"featured_media":0,"parent":0,"menu_order":5,"comment_status":"closed","ping_status":"closed","template":"","meta":{"_et_pb_use_builder":"","_et_pb_old_content":"","_et_gb_content_width":"","ngg_post_thumbnail":0,"footnotes":""},"class_list":["post-41","page","type-page","status-publish","hentry"],"_links":{"self":[{"href":"https:\/\/segurane.org\/index.php?rest_route=\/wp\/v2\/pages\/41","targetHints":{"allow":["GET"]}}],"collection":[{"href":"https:\/\/segurane.org\/index.php?rest_route=\/wp\/v2\/pages"}],"about":[{"href":"https:\/\/segurane.org\/index.php?rest_route=\/wp\/v2\/types\/page"}],"author":[{"embeddable":true,"href":"https:\/\/segurane.org\/index.php?rest_route=\/wp\/v2\/users\/2"}],"replies":[{"embeddable":true,"href":"https:\/\/segurane.org\/index.php?rest_route=%2Fwp%2Fv2%2Fcomments&post=41"}],"version-history":[{"count":26,"href":"https:\/\/segurane.org\/index.php?rest_route=\/wp\/v2\/pages\/41\/revisions"}],"predecessor-version":[{"id":11089,"href":"https:\/\/segurane.org\/index.php?rest_route=\/wp\/v2\/pages\/41\/revisions\/11089"}],"wp:attachment":[{"href":"https:\/\/segurane.org\/index.php?rest_route=%2Fwp%2Fv2%2Fmedia&parent=41"}],"curies":[{"name":"wp","href":"https:\/\/api.w.org\/{rel}","templated":true}]}}