{"id":27383,"date":"2023-06-01T16:25:03","date_gmt":"2023-06-01T14:25:03","guid":{"rendered":"http:\/\/segurane.org\/?page_id=27383"},"modified":"2023-06-01T16:28:08","modified_gmt":"2023-06-01T14:28:08","slug":"cgv","status":"publish","type":"page","link":"https:\/\/segurane.org\/?page_id=27383","title":{"rendered":"CGV"},"content":{"rendered":"<p>[et_pb_section fb_built=\u00a0\u00bb1&Prime; admin_label=\u00a0\u00bbAbout Us\u00a0\u00bb _builder_version=\u00a0\u00bb4.16&Prime; custom_padding=\u00a0\u00bb0px||27px|||\u00a0\u00bb global_colors_info=\u00a0\u00bb{}\u00a0\u00bb][et_pb_row _builder_version=\u00a0\u00bb4.16&Prime; global_colors_info=\u00a0\u00bb{}\u00a0\u00bb][et_pb_column type=\u00a0\u00bb4_4&Prime; _builder_version=\u00a0\u00bb4.16&Prime; global_colors_info=\u00a0\u00bb{}\u00a0\u00bb][et_pb_text _builder_version=\u00a0\u00bb4.21.0&Prime; text_font=\u00a0\u00bb||||||||\u00a0\u00bb text_font_size=\u00a0\u00bb16px\u00a0\u00bb text_line_height=\u00a0\u00bb2em\u00a0\u00bb header_font=\u00a0\u00bb||||||||\u00a0\u00bb header_2_font=\u00a0\u00bbRaleway|700|||||||\u00a0\u00bb header_2_font_size=\u00a0\u00bb50px\u00a0\u00bb header_2_line_height=\u00a0\u00bb1.4em\u00a0\u00bb header_6_font=\u00a0\u00bbRaleway|700||on|||||\u00a0\u00bb header_6_font_size=\u00a0\u00bb16px\u00a0\u00bb header_6_letter_spacing=\u00a0\u00bb5px\u00a0\u00bb header_6_line_height=\u00a0\u00bb1.8em\u00a0\u00bb max_width=\u00a0\u00bb700px\u00a0\u00bb module_alignment=\u00a0\u00bbcenter\u00a0\u00bb header_2_font_size_tablet=\u00a0\u00bb35px\u00a0\u00bb header_2_font_size_phone=\u00a0\u00bb25px\u00a0\u00bb header_2_font_size_last_edited=\u00a0\u00bbon|phone\u00a0\u00bb global_colors_info=\u00a0\u00bb{}\u00a0\u00bb]<\/p>\n<h1 style=\"text-align: center;\"><span style=\"color: #0c71c3;\">CONDITIONS GENERALES DE VENTES<br \/><\/span><\/h1>\n<p>[\/et_pb_text][\/et_pb_column][\/et_pb_row][\/et_pb_section][et_pb_section fb_built=\u00a0\u00bb1&Prime; _builder_version=\u00a0\u00bb4.16&Prime; custom_padding=\u00a0\u00bb2px|||||\u00a0\u00bb global_colors_info=\u00a0\u00bb{}\u00a0\u00bb][et_pb_row _builder_version=\u00a0\u00bb4.16&Prime; global_colors_info=\u00a0\u00bb{}\u00a0\u00bb][et_pb_column type=\u00a0\u00bb4_4&Prime; _builder_version=\u00a0\u00bb4.16&Prime; global_colors_info=\u00a0\u00bb{}\u00a0\u00bb][et_pb_text _builder_version=\u00a0\u00bb4.21.0&Prime; global_colors_info=\u00a0\u00bb{}\u00a0\u00bb]<\/p>\n<p><strong>\u00a0<\/strong><\/p>\n<p><strong>Conditions g\u00e9n\u00e9rales de vente (CGV) de la r\u00e9sidence SEGURANE<\/strong><\/p>\n<p>1.1 Les pr\u00e9sentes conditions g\u00e9n\u00e9rales de vente (CGV) r\u00e9gissent la relation entre la r\u00e9sidence SEGURANE et les \u00e9tudiants r\u00e9sidant dans la r\u00e9sidence. Les CGV d\u00e9crivent les droits et les obligations des parties concernant la location d&rsquo;une chambre ou d&rsquo;un logement dans la r\u00e9sidence \u00e9tudiante.<\/p>\n<p><strong>R\u00e9servation et contrat de location<\/strong><\/p>\n<p>2.1 R\u00e9servation :<\/p>\n<p>La demande de r\u00e9servation d&rsquo;une chambre ou d&rsquo;un logement dans la r\u00e9sidence \u00e9tudiante peut \u00eatre effectu\u00e9e , par t\u00e9l\u00e9phone ou en personne.<\/p>\n<p>La r\u00e9servation est soumise \u00e0 disponibilit\u00e9 et peut n\u00e9cessiter le paiement d&rsquo;un acompte et ou frais de dossier.<\/p>\n<p>\u00a02.2 Contrat de location :<\/p>\n<p>\u00a0Une fois la r\u00e9servation confirm\u00e9e, un contrat de location sera \u00e9tabli entre la r\u00e9sidence SEGURANE et l&rsquo;\u00e9tudiant.<\/p>\n<p>Le contrat pr\u00e9cisera les conditions de location, la dur\u00e9e du s\u00e9jour, le montant du loyer, les modalit\u00e9s de paiement, les droits et les responsabilit\u00e9s de chaque partie.<\/p>\n<p><strong>Prix et modalit\u00e9s de paiement<\/strong><\/p>\n<p>3.1 Prix : Le prix de location d&rsquo;une chambre ou d&rsquo;un logement sera indiqu\u00e9 au moment de la r\u00e9servation. Ce prix peut varier en fonction de la taille de la chambre, des \u00e9quipements fournis et de la dur\u00e9e du s\u00e9jour.<\/p>\n<p>3.2 Modalit\u00e9s de paiement : Le loyer doit \u00eatre pay\u00e9 selon les modalit\u00e9s convenues dans le contrat de location. Les paiements peuvent \u00eatre effectu\u00e9s par virement bancaire, carte de cr\u00e9dit ou tout autre moyen de paiement accept\u00e9 par la r\u00e9sidence \u00e9tudiante.<\/p>\n<p><strong>Annulation et remboursement<\/strong><\/p>\n<p>4.1 Annulation par l&rsquo;\u00e9tudiant : En cas d&rsquo;annulation de la r\u00e9servation par l&rsquo;\u00e9tudiant, des frais d&rsquo;annulation peuvent s&rsquo;appliquer conform\u00e9ment aux conditions sp\u00e9cifi\u00e9es dans le contrat de location. (frais de dossier ou acompte)<\/p>\n<p>4.2 Annulation par la r\u00e9sidence SEGURANE: La r\u00e9sidence \u00e9tudiante se r\u00e9serve le droit d&rsquo;annuler une r\u00e9servation en cas de force majeure ou de circonstances exceptionnelles. Dans de tels cas, la r\u00e9sidence \u00e9tudiante s&rsquo;engage \u00e0 rembourser int\u00e9gralement les paiements effectu\u00e9s par l&rsquo;\u00e9tudiant.<\/p>\n<p>&nbsp;<\/p>\n<p><strong>Conditions de s\u00e9jour<\/strong><\/p>\n<p>5.1 Check-in et check-out : Les horaires de check-in et de check-out seront pr\u00e9cis\u00e9s dans le contrat de location. L&rsquo;\u00e9tudiant est tenu de respecter ces horaires.<\/p>\n<p>5.2 Utilisation des locaux : L&rsquo;\u00e9tudiant s&rsquo;engage \u00e0 utiliser les locaux de la r\u00e9sidence \u00e9tudiante conform\u00e9ment aux r\u00e8gles et aux r\u00e9glementations en vigueur. Toute utilisation abusive ou non conforme peut entra\u00eener des sanctions et la r\u00e9siliation du contrat de location.<\/p>\n<p>5.3 Maintenance et r\u00e9parations : La r\u00e9sidence \u00e9tudiante est responsable de l&rsquo;entretien courant des locaux. En cas de besoin de r\u00e9parations, l&rsquo;\u00e9tudiant doit signaler les probl\u00e8mes \u00e0 la r\u00e9sidence \u00e9tudiante qui s&rsquo;engage \u00e0 les r\u00e9soudre dans les meilleurs d\u00e9lais.<\/p>\n<p><strong>Responsabilit\u00e9s<\/strong><\/p>\n<p>6.1 Responsabilit\u00e9 de la r\u00e9sidence \u00e9tudiante : La r\u00e9sidence \u00e9tudiante s&rsquo;engage \u00e0 fournir un logement s\u00fbr et en bon \u00e9tat, ainsi que des services conformes aux normes en vigueur. Toutefois, la r\u00e9sidence \u00e9tudiante ne peut \u00eatre tenue responsable des vols, des pertes ou des dommages caus\u00e9s aux biens de l&rsquo;\u00e9tudiant pendant son s\u00e9jour.<\/p>\n<p>\u00a06.2 Responsabilit\u00e9 de l&rsquo;\u00e9tudiant : L&rsquo;\u00e9tudiant est responsable de ses propres biens et de son comportement dans la r\u00e9sidence \u00e9tudiante. Il est tenu de respecter les r\u00e8gles de la r\u00e9sidence et de ne pas perturber la tranquillit\u00e9 des autres r\u00e9sidents.<\/p>\n<p><strong>Confidentialit\u00e9 des donn\u00e9es<\/strong><\/p>\n<p>\u00a0La r\u00e9sidence SEGURANE s&rsquo;engage \u00e0 respecter la confidentialit\u00e9 des donn\u00e9es personnelles de l&rsquo;\u00e9tudiant conform\u00e9ment aux lois et r\u00e9glementations en vigueur en mati\u00e8re de protection des donn\u00e9es.<\/p>\n<p><strong>Modification des CGV<\/strong><\/p>\n<p>La r\u00e9sidence \u00e9tudiante se r\u00e9serve le droit de modifier les pr\u00e9sentes CGV \u00e0 tout moment. Les modifications seront communiqu\u00e9es aux \u00e9tudiants et entreront en vigueur d\u00e8s leur publication sur le site web de la r\u00e9sidence SEGURANE.<\/p>\n<p><strong>Droit applicable et litiges<\/strong><\/p>\n<p>Les pr\u00e9sentes CGV sont soumises au droit du pays o\u00f9 est situ\u00e9e la r\u00e9sidence \u00e9tudiante. En cas de litige, les parties s&rsquo;efforceront de trouver une solution \u00e0 l&rsquo;amiable. \u00c0 d\u00e9faut, les tribunaux comp\u00e9tents seront saisis.<\/p>\n<p>En acceptant les pr\u00e9sentes CGV, l&rsquo;\u00e9tudiant reconna\u00eet avoir pris connaissance et accept\u00e9 toutes les conditions \u00e9nonc\u00e9es dans ce document.<\/p>\n<p>&nbsp;<\/p>\n<p>&nbsp;<\/p>\n<p>[\/et_pb_text][\/et_pb_column][\/et_pb_row][\/et_pb_section]<\/p>\n","protected":false},"excerpt":{"rendered":"<p>CONDITIONS GENERALES DE VENTES\u00a0 Conditions g\u00e9n\u00e9rales de vente (CGV) de la r\u00e9sidence SEGURANE 1.1 Les pr\u00e9sentes conditions g\u00e9n\u00e9rales de vente (CGV) r\u00e9gissent la relation entre la r\u00e9sidence SEGURANE et les \u00e9tudiants r\u00e9sidant dans la r\u00e9sidence. Les CGV d\u00e9crivent les droits et les obligations des parties concernant la location d&rsquo;une chambre ou d&rsquo;un logement dans la [&hellip;]<\/p>\n","protected":false},"author":1,"featured_media":0,"parent":0,"menu_order":0,"comment_status":"closed","ping_status":"closed","template":"","meta":{"_et_pb_use_builder":"on","_et_pb_old_content":"","_et_gb_content_width":"","ngg_post_thumbnail":0,"footnotes":""},"class_list":["post-27383","page","type-page","status-publish","hentry"],"_links":{"self":[{"href":"https:\/\/segurane.org\/index.php?rest_route=\/wp\/v2\/pages\/27383","targetHints":{"allow":["GET"]}}],"collection":[{"href":"https:\/\/segurane.org\/index.php?rest_route=\/wp\/v2\/pages"}],"about":[{"href":"https:\/\/segurane.org\/index.php?rest_route=\/wp\/v2\/types\/page"}],"author":[{"embeddable":true,"href":"https:\/\/segurane.org\/index.php?rest_route=\/wp\/v2\/users\/1"}],"replies":[{"embeddable":true,"href":"https:\/\/segurane.org\/index.php?rest_route=%2Fwp%2Fv2%2Fcomments&post=27383"}],"version-history":[{"count":3,"href":"https:\/\/segurane.org\/index.php?rest_route=\/wp\/v2\/pages\/27383\/revisions"}],"predecessor-version":[{"id":27387,"href":"https:\/\/segurane.org\/index.php?rest_route=\/wp\/v2\/pages\/27383\/revisions\/27387"}],"wp:attachment":[{"href":"https:\/\/segurane.org\/index.php?rest_route=%2Fwp%2Fv2%2Fmedia&parent=27383"}],"curies":[{"name":"wp","href":"https:\/\/api.w.org\/{rel}","templated":true}]}}