{"id":12393,"date":"2020-06-15T16:53:11","date_gmt":"2020-06-15T14:53:11","guid":{"rendered":"http:\/\/segurane.org\/?page_id=12393"},"modified":"2023-05-31T18:20:01","modified_gmt":"2023-05-31T16:20:01","slug":"temoignages","status":"publish","type":"page","link":"https:\/\/segurane.org\/?page_id=12393","title":{"rendered":"T\u00e9moignages"},"content":{"rendered":"<p>[et_pb_section fb_built=\u00a0\u00bb1&Prime; admin_label=\u00a0\u00bbAbout Us\u00a0\u00bb _builder_version=\u00a0\u00bb4.16&Prime; custom_padding=\u00a0\u00bb0px||5px|||\u00a0\u00bb global_colors_info=\u00a0\u00bb{}\u00a0\u00bb][et_pb_row _builder_version=\u00a0\u00bb4.16&Prime; global_colors_info=\u00a0\u00bb{}\u00a0\u00bb][et_pb_column type=\u00a0\u00bb4_4&Prime; _builder_version=\u00a0\u00bb4.16&Prime; global_colors_info=\u00a0\u00bb{}\u00a0\u00bb][et_pb_text _builder_version=\u00a0\u00bb4.21.0&Prime; text_font=\u00a0\u00bb||||||||\u00a0\u00bb text_font_size=\u00a0\u00bb16px\u00a0\u00bb text_line_height=\u00a0\u00bb2em\u00a0\u00bb header_font=\u00a0\u00bb||||||||\u00a0\u00bb header_2_font=\u00a0\u00bbRaleway|700|||||||\u00a0\u00bb header_2_font_size=\u00a0\u00bb50px\u00a0\u00bb header_2_line_height=\u00a0\u00bb1.4em\u00a0\u00bb header_6_font=\u00a0\u00bbRaleway|700||on|||||\u00a0\u00bb header_6_font_size=\u00a0\u00bb16px\u00a0\u00bb header_6_letter_spacing=\u00a0\u00bb5px\u00a0\u00bb header_6_line_height=\u00a0\u00bb1.8em\u00a0\u00bb max_width=\u00a0\u00bb700px\u00a0\u00bb module_alignment=\u00a0\u00bbcenter\u00a0\u00bb header_2_font_size_tablet=\u00a0\u00bb35px\u00a0\u00bb header_2_font_size_phone=\u00a0\u00bb25px\u00a0\u00bb header_2_font_size_last_edited=\u00a0\u00bbon|phone\u00a0\u00bb global_colors_info=\u00a0\u00bb{}\u00a0\u00bb]<\/p>\n<h1 style=\"text-align: center;\"><span style=\"color: #0c71c3;\">AVIS<br \/><\/span><\/h1>\n<p>[\/et_pb_text][\/et_pb_column][\/et_pb_row][et_pb_row _builder_version=\u00a0\u00bb4.20.4&Prime; _module_preset=\u00a0\u00bbdefault\u00a0\u00bb global_colors_info=\u00a0\u00bb{}\u00a0\u00bb][et_pb_column type=\u00a0\u00bb4_4&Prime; _builder_version=\u00a0\u00bb4.20.4&Prime; _module_preset=\u00a0\u00bbdefault\u00a0\u00bb global_colors_info=\u00a0\u00bb{}\u00a0\u00bb][et_pb_image src=\u00a0\u00bbhttp:\/\/segurane.org\/wp-content\/uploads\/2023\/05\/pngegg87.png\u00a0\u00bb title_text=\u00a0\u00bbTEMOIGNAGE\u00a0\u00bb align=\u00a0\u00bbcenter\u00a0\u00bb _builder_version=\u00a0\u00bb4.21.0&Prime; _module_preset=\u00a0\u00bbdefault\u00a0\u00bb width=\u00a0\u00bb33%\u00a0\u00bb max_width=\u00a0\u00bb80%\u00a0\u00bb animation_style=\u00a0\u00bbslide\u00a0\u00bb animation_direction=\u00a0\u00bbtop\u00a0\u00bb global_colors_info=\u00a0\u00bb{}\u00a0\u00bb][\/et_pb_image][\/et_pb_column][\/et_pb_row][\/et_pb_section][et_pb_section fb_built=\u00a0\u00bb1&Prime; _builder_version=\u00a0\u00bb4.16&Prime; custom_padding=\u00a0\u00bb7px|||||\u00a0\u00bb global_colors_info=\u00a0\u00bb{}\u00a0\u00bb][et_pb_row _builder_version=\u00a0\u00bb4.16&Prime; global_colors_info=\u00a0\u00bb{}\u00a0\u00bb][et_pb_column type=\u00a0\u00bb4_4&Prime; _builder_version=\u00a0\u00bb4.16&Prime; global_colors_info=\u00a0\u00bb{}\u00a0\u00bb][et_pb_image src=\u00a0\u00bbhttp:\/\/segurane.org\/wp-content\/uploads\/2021\/01\/IMG_0005.jpg\u00a0\u00bb title_text=\u00a0\u00bbIMG_0005&Prime; _builder_version=\u00a0\u00bb4.16&Prime; global_colors_info=\u00a0\u00bb{}\u00a0\u00bb][\/et_pb_image][\/et_pb_column][\/et_pb_row][et_pb_row _builder_version=\u00a0\u00bb4.16&Prime; global_colors_info=\u00a0\u00bb{}\u00a0\u00bb][et_pb_column type=\u00a0\u00bb4_4&Prime; _builder_version=\u00a0\u00bb4.16&Prime; global_colors_info=\u00a0\u00bb{}\u00a0\u00bb][et_pb_image src=\u00a0\u00bbhttp:\/\/segurane.org\/wp-content\/uploads\/2021\/01\/IMG_0006.jpg\u00a0\u00bb title_text=\u00a0\u00bbIMG_0006&Prime; _builder_version=\u00a0\u00bb4.16&Prime; global_colors_info=\u00a0\u00bb{}\u00a0\u00bb][\/et_pb_image][\/et_pb_column][\/et_pb_row][et_pb_row _builder_version=\u00a0\u00bb4.16&Prime; global_colors_info=\u00a0\u00bb{}\u00a0\u00bb][et_pb_column type=\u00a0\u00bb4_4&Prime; _builder_version=\u00a0\u00bb4.16&Prime; global_colors_info=\u00a0\u00bb{}\u00a0\u00bb][et_pb_image src=\u00a0\u00bbhttp:\/\/segurane.org\/wp-content\/uploads\/2021\/01\/IMG_0008.jpg\u00a0\u00bb title_text=\u00a0\u00bbIMG_0008&Prime; _builder_version=\u00a0\u00bb4.16&Prime; global_colors_info=\u00a0\u00bb{}\u00a0\u00bb][\/et_pb_image][\/et_pb_column][\/et_pb_row][et_pb_row _builder_version=\u00a0\u00bb4.16&Prime; global_colors_info=\u00a0\u00bb{}\u00a0\u00bb][et_pb_column type=\u00a0\u00bb4_4&Prime; _builder_version=\u00a0\u00bb4.16&Prime; global_colors_info=\u00a0\u00bb{}\u00a0\u00bb][et_pb_text _builder_version=\u00a0\u00bb4.16&Prime; global_colors_info=\u00a0\u00bb{}\u00a0\u00bb]<\/p>\n<div style=\"caret-color: #000000; color: #000000; font-family: Helvetica; font-size: 12px; font-style: normal; font-variant-caps: normal; font-weight: normal; letter-spacing: normal; orphans: auto; text-align: start; text-indent: 0px; text-transform: none; white-space: normal; widows: auto; word-spacing: 0px; -webkit-text-size-adjust: auto; -webkit-text-stroke-width: 0px; text-decoration: none;\"><\/div>\n<blockquote type=\"cite\" style=\"font-family: Helvetica; font-size: 12px; font-style: normal; font-variant-caps: normal; font-weight: normal; letter-spacing: normal; orphans: auto; text-align: start; text-indent: 0px; text-transform: none; white-space: normal; widows: auto; word-spacing: 0px; -webkit-text-size-adjust: auto; -webkit-text-stroke-width: 0px; text-decoration: none;\">\n<div><\/div>\n<\/blockquote>\n<div style=\"caret-color: #000000; color: #000000; font-family: Helvetica; font-size: 12px; font-style: normal; font-variant-caps: normal; font-weight: normal; letter-spacing: normal; orphans: auto; text-align: start; text-indent: 0px; text-transform: none; white-space: normal; widows: auto; word-spacing: 0px; -webkit-text-size-adjust: auto; -webkit-text-stroke-width: 0px; text-decoration: none;\"><span><\/span><\/div>\n<blockquote type=\"cite\" style=\"font-family: Helvetica; font-size: 12px; font-style: normal; font-variant-caps: normal; font-weight: normal; letter-spacing: normal; orphans: auto; text-align: start; text-indent: 0px; text-transform: none; white-space: normal; widows: auto; word-spacing: 0px; -webkit-text-size-adjust: auto; -webkit-text-stroke-width: 0px; text-decoration: none;\">\n<p class=\"p3\" style=\"margin: 0px; font-stretch: normal; font-size: 19.5px; line-height: normal; font-family: '.SF UI Text'; color: #454545;\"><span class=\"s1\" style=\"font-family: '.SFUIText'; font-size: 19.46pt;\"><\/span><\/p>\n<p class=\"p2\" style=\"margin: 0px; font-stretch: normal; font-size: 19.5px; line-height: normal; font-family: '.SF UI Text'; color: #454545; min-height: 23.2px;\"><span class=\"s1\" style=\"font-family: '.SFUIText'; font-size: 19.46pt;\"><\/span><\/p>\n<p class=\"p1\" style=\"margin: 0px; font-stretch: normal; font-size: 19.5px; line-height: normal; font-family: '.SF UI Text'; color: #e4af0a;\"><span class=\"s1\" style=\"font-family: '.SFUIText'; font-size: 19.46pt;\"><a href=\"https:\/\/www.google.com\/maps\/contrib\/114171352120587758577?hl=fr-FR&amp;sa=X&amp;ved=2ahUKEwiw35f3iIzuAhV18OAKHWgkD4sQvvQBegQIARAq\">Julien A.<\/a><\/span><\/p>\n<p class=\"p2\" style=\"margin: 0px; font-stretch: normal; font-size: 19.5px; line-height: normal; font-family: '.SF UI Text'; color: #454545; min-height: 23.2px;\"><span class=\"s1\" style=\"font-family: '.SFUIText'; font-size: 19.46pt;\"><\/span><\/p>\n<p class=\"p3\" style=\"margin: 0px; font-stretch: normal; font-size: 19.5px; line-height: normal; font-family: '.SF UI Text'; color: #454545;\"><span class=\"s1\" style=\"font-family: '.SFUIText'; font-size: 19.46pt;\">il y a un an ( 2019)<\/span><\/p>\n<p class=\"p3\" style=\"margin: 0px; font-stretch: normal; font-size: 19.5px; line-height: normal; font-family: '.SF UI Text'; color: #454545;\"><span class=\"s1\" style=\"font-family: '.SFUIText'; font-size: 19.46pt;\">J&rsquo;ai v\u00e9cu 2 ans \u00e0 la R\u00e9sidence S\u00e9gurane dans le cadre de mes \u00e9tudes au Lyc\u00e9e Mass\u00e9na. Le moins que je puisse dire c&rsquo;est que les critiques sont infond\u00e9es si ce n&rsquo;est mensong\u00e8res. Les parties communes sont agr\u00e9ables et refaites \u00e0 neuf r\u00e9cemment. Le personnel de la r\u00e9sidence est \u00e0 l&rsquo;\u00e9coute et le moindre probl\u00e8me dans votre appartement est r\u00e9gl\u00e9 rapidement. Les appartements sont bien entretenus et le m\u00e9nage bi-mensuel est un plus quand on travaille en classes pr\u00e9paratoires et que le temps manque. La r\u00e9sidence est calme et est un lieu id\u00e9al pour pr\u00e9parer ses concours que ce soit seul dans sa chambre ou \u00e0 plusieurs dans les deux salles d&rsquo;\u00e9tude mises \u00e0 disposition des r\u00e9sidents. Enfin la r\u00e9sidence est id\u00e9alement situ\u00e9e dans un quartier attractif \u00e0 5 minutes des lignes de tram et 10 minutes du Lyc\u00e9e.<\/span><\/p>\n<p class=\"p2\" style=\"margin: 0px; font-stretch: normal; font-size: 19.5px; line-height: normal; font-family: '.SF UI Text'; color: #454545; min-height: 23.2px;\"><span class=\"s1\" style=\"font-family: '.SFUIText'; font-size: 19.46pt;\"><\/span><\/p>\n<p class=\"p2\" style=\"margin: 0px; font-stretch: normal; font-size: 19.5px; line-height: normal; font-family: '.SF UI Text'; color: #454545; min-height: 23.2px;\"><span class=\"s1\" style=\"font-family: '.SFUIText'; font-size: 19.46pt;\"><\/span><\/p>\n<p class=\"p1\" style=\"margin: 0px; line-height: normal;\"><a href=\"https:\/\/www.google.com\/maps\/contrib\/110155764043026790498?hl=fr-FR&amp;sa=X&amp;ved=2ahUKEwiw35f3iIzuAhV18OAKHWgkD4sQvvQBegQIARBR\" style=\"background-color: rgba(255, 255, 255, 0);\"><span style=\"color: #000000;\" color=\"#000000\">STEPHANE S\u00a0<\/span><\/a><\/p>\n<\/blockquote>\n<blockquote type=\"cite\" style=\"font-family: Helvetica; font-size: 12px; font-style: normal; font-variant-caps: normal; font-weight: normal; letter-spacing: normal; orphans: auto; text-align: start; text-indent: 0px; text-transform: none; white-space: normal; widows: auto; word-spacing: 0px; -webkit-text-size-adjust: auto; -webkit-text-stroke-width: 0px; text-decoration: none;\">\n<p class=\"p2\" style=\"margin: 0px; font-stretch: normal; font-size: 19.5px; line-height: normal; font-family: '.SF UI Text'; color: #454545; min-height: 23.2px;\"><span class=\"s1\" style=\"font-family: '.SFUIText'; font-size: 19.46pt;\"><\/span><\/p>\n<p class=\"p3\" style=\"margin: 0px; font-stretch: normal; font-size: 19.5px; line-height: normal; font-family: '.SF UI Text'; color: #454545;\">Deux superbes ann\u00e9es \u00e0 SEGURANE\u00a0<\/p>\n<\/blockquote>\n<div style=\"caret-color: #000000; color: #000000; font-family: Helvetica; font-size: 12px; font-style: normal; font-variant-caps: normal; font-weight: normal; letter-spacing: normal; orphans: auto; text-align: start; text-indent: 0px; text-transform: none; white-space: normal; widows: auto; word-spacing: 0px; -webkit-text-size-adjust: auto; -webkit-text-stroke-width: 0px; text-decoration: none;\"><\/div>\n<p><span style=\"caret-color: #000000; color: #000000; font-family: Helvetica; font-size: 12px; font-style: normal; font-variant-caps: normal; font-weight: normal; letter-spacing: normal; orphans: auto; text-align: start; text-indent: 0px; text-transform: none; white-space: normal; widows: auto; word-spacing: 0px; -webkit-text-size-adjust: auto; -webkit-text-stroke-width: 0px; text-decoration: none; display: inline !important; float: none;\">Merci \u00e0 tout l&rsquo;\u00e9quipe\u00a0<\/span><\/p>\n<p>[\/et_pb_text][\/et_pb_column][\/et_pb_row][\/et_pb_section][et_pb_section fb_built=\u00a0\u00bb1&Prime; _builder_version=\u00a0\u00bb4.16&Prime; background_color=\u00a0\u00bb#0c71c3&Prime; global_colors_info=\u00a0\u00bb{}\u00a0\u00bb][et_pb_row _builder_version=\u00a0\u00bb4.16&Prime; global_colors_info=\u00a0\u00bb{}\u00a0\u00bb][et_pb_column type=\u00a0\u00bb4_4&Prime; _builder_version=\u00a0\u00bb4.16&Prime; global_colors_info=\u00a0\u00bb{}\u00a0\u00bb][et_pb_testimonial author=\u00a0\u00bbIsmail Jamal Eddine\u00a0\u00bb portrait_url=\u00a0\u00bbdata:image\/svg+xml;base64,PHN2ZyB3aWR0aD0iNTAwIiBoZWlnaHQ9IjUwMCIgdmlld0JveD0iMCAwIDUwMCA1MDAiIHhtbG5zPSJodHRwOi8vd3d3LnczLm9yZy8yMDAwL3N2ZyI+CiAgICA8ZyBmaWxsPSJub25lIiBmaWxsLXJ1bGU9ImV2ZW5vZGQiPgogICAgICAgIDxwYXRoIGZpbGw9IiNFQkVCRUIiIGQ9Ik0wIDBoNTAwdjUwMEgweiIvPgogICAgICAgIDxyZWN0IGZpbGwtb3BhY2l0eT0iLjEiIGZpbGw9IiMwMDAiIHg9IjY4IiB5PSIzMDUiIHdpZHRoPSIzNjQiIGhlaWdodD0iNTY4IiByeD0iMTgyIi8+CiAgICAgICAgPGNpcmNsZSBmaWxsLW9wYWNpdHk9Ii4xIiBmaWxsPSIjMDAwIiBjeD0iMjQ5IiBjeT0iMTcyIiByPSIxMDAiLz4KICAgIDwvZz4KPC9zdmc+Cg==\u00a0\u00bb quote_icon_color=\u00a0\u00bb#ffffff\u00a0\u00bb quote_icon_background_color=\u00a0\u00bb#0c71c3&Prime; _builder_version=\u00a0\u00bb4.16&Prime; author_text_color=\u00a0\u00bb#0c71c3&Prime; position_text_color=\u00a0\u00bb#0c71c3&Prime; border_color_all_portrait=\u00a0\u00bb#0c71c3&Prime; box_shadow_style_image=\u00a0\u00bbpreset3&Prime; global_colors_info=\u00a0\u00bb{}\u00a0\u00bb]<\/p>\n<p style=\"text-align: justify;\"><span style=\"caret-color: #000000; color: #000000; font-style: normal; font-variant-caps: normal; font-weight: normal; letter-spacing: normal; orphans: auto; text-align: start; text-indent: 0px; text-transform: none; white-space: normal; widows: auto; word-spacing: 0px; -webkit-text-size-adjust: auto; -webkit-text-stroke-width: 0px; text-decoration: none; font-family: 'Lucida Grande', Verdana, Arial, Helvetica, sans-serif; font-size: 12px;\">Bonjour,<\/span><\/p>\n<div style=\"caret-color: #000000; color: #000000; font-style: normal; font-variant-caps: normal; font-weight: normal; letter-spacing: normal; text-align: justify; text-indent: 0px; text-transform: none; white-space: normal; word-spacing: 0px; -moz-text-size-adjust: auto; -webkit-text-stroke-width: 0px; text-decoration: none; border-top-width: 0px; font-family: 'Lucida Grande', Verdana, Arial, Helvetica, sans-serif; font-size: 12px;\"><\/div>\n<div style=\"caret-color: #000000; color: #000000; font-style: normal; font-variant-caps: normal; font-weight: normal; letter-spacing: normal; text-align: justify; text-indent: 0px; text-transform: none; white-space: normal; word-spacing: 0px; -moz-text-size-adjust: auto; -webkit-text-stroke-width: 0px; text-decoration: none; font-family: 'Lucida Grande', Verdana, Arial, Helvetica, sans-serif; font-size: 12px;\">Je m&rsquo;appelle Ismail Jamal Eddine et je souhaite t\u00e9moigner par ce court message de la qualit\u00e9 de la r\u00e9sidence S\u00e9gurane. Comme son fameux slogan l&rsquo;indique, c&rsquo;est une r\u00e9sidence toujours \u00e0 l&rsquo;\u00e9coute de ses locataires.<\/div>\n<div style=\"caret-color: #000000; color: #000000; font-style: normal; font-variant-caps: normal; font-weight: normal; letter-spacing: normal; text-align: justify; text-indent: 0px; text-transform: none; white-space: normal; word-spacing: 0px; -moz-text-size-adjust: auto; -webkit-text-stroke-width: 0px; text-decoration: none; font-family: 'Lucida Grande', Verdana, Arial, Helvetica, sans-serif; font-size: 12px;\"><\/div>\n<div style=\"caret-color: #000000; color: #000000; font-style: normal; font-variant-caps: normal; font-weight: normal; letter-spacing: normal; text-align: justify; text-indent: 0px; text-transform: none; white-space: normal; word-spacing: 0px; -moz-text-size-adjust: auto; -webkit-text-stroke-width: 0px; text-decoration: none; font-family: 'Lucida Grande', Verdana, Arial, Helvetica, sans-serif; font-size: 12px;\">Au del\u00e0 de la constante pr\u00e9sence d&rsquo;Eric, de Farid et d&rsquo;Alphonse, j&rsquo;ai \u00e9t\u00e9 agr\u00e9ablement surpris par la r\u00e9activit\u00e9 de l&rsquo;ensemble du personnel de la r\u00e9sidence toujours l\u00e0 pour r\u00e9gler tous probl\u00e8mes.<\/div>\n<div style=\"caret-color: #000000; color: #000000; font-style: normal; font-variant-caps: normal; font-weight: normal; letter-spacing: normal; text-align: justify; text-indent: 0px; text-transform: none; white-space: normal; word-spacing: 0px; -moz-text-size-adjust: auto; -webkit-text-stroke-width: 0px; text-decoration: none; font-family: 'Lucida Grande', Verdana, Arial, Helvetica, sans-serif; font-size: 12px;\"><\/div>\n<div style=\"caret-color: #000000; color: #000000; font-style: normal; font-variant-caps: normal; font-weight: normal; letter-spacing: normal; text-align: justify; text-indent: 0px; text-transform: none; white-space: normal; word-spacing: 0px; -moz-text-size-adjust: auto; -webkit-text-stroke-width: 0px; text-decoration: none; font-family: 'Lucida Grande', Verdana, Arial, Helvetica, sans-serif; font-size: 12px;\">Enfin, ce serait un p\u00each\u00e9 que d&rsquo;oublier de mentionner l&rsquo;esprit de famille, la convivialit\u00e9 ainsi que la s\u00e9curit\u00e9 qui r\u00e8gnent au sein de cette r\u00e9sidence. Tous ces facteurs en font une r\u00e9sidence o\u00f9 il fait bon vivre et \u00e9tudier.<\/div>\n<p>[\/et_pb_testimonial][\/et_pb_column][\/et_pb_row][et_pb_row _builder_version=\u00a0\u00bb4.16&Prime; global_colors_info=\u00a0\u00bb{}\u00a0\u00bb][et_pb_column type=\u00a0\u00bb4_4&Prime; _builder_version=\u00a0\u00bb4.16&Prime; global_colors_info=\u00a0\u00bb{}\u00a0\u00bb][et_pb_testimonial author=\u00a0\u00bb\u200eNacer Zerouali\u200e \u00a0\u00bb portrait_url=\u00a0\u00bbdata:image\/svg+xml;base64,PHN2ZyB3aWR0aD0iNTAwIiBoZWlnaHQ9IjUwMCIgdmlld0JveD0iMCAwIDUwMCA1MDAiIHhtbG5zPSJodHRwOi8vd3d3LnczLm9yZy8yMDAwL3N2ZyI+CiAgICA8ZyBmaWxsPSJub25lIiBmaWxsLXJ1bGU9ImV2ZW5vZGQiPgogICAgICAgIDxwYXRoIGZpbGw9IiNFQkVCRUIiIGQ9Ik0wIDBoNTAwdjUwMEgweiIvPgogICAgICAgIDxyZWN0IGZpbGwtb3BhY2l0eT0iLjEiIGZpbGw9IiMwMDAiIHg9IjY4IiB5PSIzMDUiIHdpZHRoPSIzNjQiIGhlaWdodD0iNTY4IiByeD0iMTgyIi8+CiAgICAgICAgPGNpcmNsZSBmaWxsLW9wYWNpdHk9Ii4xIiBmaWxsPSIjMDAwIiBjeD0iMjQ5IiBjeT0iMTcyIiByPSIxMDAiLz4KICAgIDwvZz4KPC9zdmc+Cg==\u00a0\u00bb quote_icon_color=\u00a0\u00bb#ffffff\u00a0\u00bb quote_icon_background_color=\u00a0\u00bb#0c71c3&Prime; _builder_version=\u00a0\u00bb4.16&Prime; author_text_color=\u00a0\u00bb#0c71c3&Prime; position_text_color=\u00a0\u00bb#0c71c3&Prime; border_color_all_portrait=\u00a0\u00bb#0c71c3&Prime; box_shadow_style_image=\u00a0\u00bbpreset3&Prime; global_colors_info=\u00a0\u00bb{}\u00a0\u00bb]<\/p>\n<p style=\"text-align: justify;\"><span style=\"font-style: normal; font-variant-caps: normal; font-weight: normal; letter-spacing: normal; orphans: auto; text-align: start; text-indent: 0px; text-transform: none; white-space: normal; widows: auto; word-spacing: 0px; -webkit-text-size-adjust: auto; -webkit-text-stroke-width: 0px; text-decoration: none; color: #1c1e21; font-family: Helvetica, Arial, sans-serif; font-size: 14px;\">\u00a0\u00bb Un sp\u00e9cial remerciement \u00e0 Farid pour sa gentillesse, son ambition et sa disponibilit\u00e9 quotidienne. Toujours avec le sourire, il r\u00e9pond \u00e0 nos besoins et est toujours \u00e0 l\u2019\u00e9coute<\/span><br style=\"font-style: normal; font-variant-caps: normal; font-weight: normal; letter-spacing: normal; orphans: auto; text-align: start; text-indent: 0px; text-transform: none; white-space: normal; widows: auto; word-spacing: 0px; -webkit-text-size-adjust: auto; -webkit-text-stroke-width: 0px; text-decoration: none; color: #1c1e21; font-family: Helvetica, Arial, sans-serif; font-size: 14px;\" \/><span style=\"font-style: normal; font-variant-caps: normal; font-weight: normal; letter-spacing: normal; orphans: auto; text-align: start; text-indent: 0px; text-transform: none; white-space: normal; widows: auto; word-spacing: 0px; -webkit-text-size-adjust: auto; -webkit-text-stroke-width: 0px; text-decoration: none; color: #1c1e21; font-family: Helvetica, Arial, sans-serif; font-size: 14px;\">Merci \u00e0 Farid pour son engagement et son dynamisme \u00ab\u00a0<\/span><\/p>\n<p>[\/et_pb_testimonial][\/et_pb_column][\/et_pb_row][\/et_pb_section]<\/p>\n","protected":false},"excerpt":{"rendered":"<p>AVIS Julien A. il y a un an ( 2019) J&rsquo;ai v\u00e9cu 2 ans \u00e0 la R\u00e9sidence S\u00e9gurane dans le cadre de mes \u00e9tudes au Lyc\u00e9e Mass\u00e9na. Le moins que je puisse dire c&rsquo;est que les critiques sont infond\u00e9es si ce n&rsquo;est mensong\u00e8res. Les parties communes sont agr\u00e9ables et refaites \u00e0 neuf r\u00e9cemment. Le personnel [&hellip;]<\/p>\n","protected":false},"author":1,"featured_media":0,"parent":0,"menu_order":0,"comment_status":"closed","ping_status":"closed","template":"","meta":{"_et_pb_use_builder":"on","_et_pb_old_content":"","_et_gb_content_width":"","ngg_post_thumbnail":0,"footnotes":""},"class_list":["post-12393","page","type-page","status-publish","hentry"],"_links":{"self":[{"href":"https:\/\/segurane.org\/index.php?rest_route=\/wp\/v2\/pages\/12393","targetHints":{"allow":["GET"]}}],"collection":[{"href":"https:\/\/segurane.org\/index.php?rest_route=\/wp\/v2\/pages"}],"about":[{"href":"https:\/\/segurane.org\/index.php?rest_route=\/wp\/v2\/types\/page"}],"author":[{"embeddable":true,"href":"https:\/\/segurane.org\/index.php?rest_route=\/wp\/v2\/users\/1"}],"replies":[{"embeddable":true,"href":"https:\/\/segurane.org\/index.php?rest_route=%2Fwp%2Fv2%2Fcomments&post=12393"}],"version-history":[{"count":9,"href":"https:\/\/segurane.org\/index.php?rest_route=\/wp\/v2\/pages\/12393\/revisions"}],"predecessor-version":[{"id":27382,"href":"https:\/\/segurane.org\/index.php?rest_route=\/wp\/v2\/pages\/12393\/revisions\/27382"}],"wp:attachment":[{"href":"https:\/\/segurane.org\/index.php?rest_route=%2Fwp%2Fv2%2Fmedia&parent=12393"}],"curies":[{"name":"wp","href":"https:\/\/api.w.org\/{rel}","templated":true}]}}