{"id":12005,"date":"2020-06-07T18:12:09","date_gmt":"2020-06-07T16:12:09","guid":{"rendered":"http:\/\/segurane.org\/?page_id=12005"},"modified":"2023-05-25T19:27:33","modified_gmt":"2023-05-25T17:27:33","slug":"a-proximite-ok","status":"publish","type":"page","link":"https:\/\/segurane.org\/?page_id=12005","title":{"rendered":"A PROXIMITE OK"},"content":{"rendered":"<p>[et_pb_section fb_built=\u00a0\u00bb1&Prime; admin_label=\u00a0\u00bbHeader\u00a0\u00bb _builder_version=\u00a0\u00bb4.21.0&Prime; use_background_color_gradient=\u00a0\u00bbon\u00a0\u00bb background_color_gradient_type=\u00a0\u00bbcircular\u00a0\u00bb background_color_gradient_direction_radial=\u00a0\u00bbtop left\u00a0\u00bb background_color_gradient_stops=\u00a0\u00bbrgba(255,255,255,0) 30%|rgba(255,255,255,0) 80%\u00a0\u00bb background_color_gradient_overlays_image=\u00a0\u00bbon\u00a0\u00bb background_color_gradient_start=\u00a0\u00bbrgba(255,255,255,0)\u00a0\u00bb background_color_gradient_start_position=\u00a0\u00bb30%\u00a0\u00bb background_color_gradient_end=\u00a0\u00bbrgba(255,255,255,0)\u00a0\u00bb background_color_gradient_end_position=\u00a0\u00bb80%\u00a0\u00bb background_image=\u00a0\u00bbhttp:\/\/segurane.org\/wp-content\/uploads\/2023\/05\/beach-g5f1222710_1280.jpg\u00a0\u00bb custom_padding=\u00a0\u00bb28vw|0px|0|0px|false|false\u00a0\u00bb hover_enabled=\u00a0\u00bb0&Prime; global_colors_info=\u00a0\u00bb{}\u00a0\u00bb parallax=\u00a0\u00bbon\u00a0\u00bb parallax_method=\u00a0\u00bboff\u00a0\u00bb sticky_enabled=\u00a0\u00bb0&Prime;][\/et_pb_section][et_pb_section fb_built=\u00a0\u00bb1&Prime; admin_label=\u00a0\u00bbAbout Us\u00a0\u00bb _builder_version=\u00a0\u00bb4.16&Prime; custom_padding=\u00a0\u00bb0px||27px|||\u00a0\u00bb global_colors_info=\u00a0\u00bb{}\u00a0\u00bb][et_pb_row _builder_version=\u00a0\u00bb4.16&Prime; global_colors_info=\u00a0\u00bb{}\u00a0\u00bb][et_pb_column type=\u00a0\u00bb4_4&Prime; _builder_version=\u00a0\u00bb4.16&Prime; global_colors_info=\u00a0\u00bb{}\u00a0\u00bb][et_pb_text _builder_version=\u00a0\u00bb4.20.4&Prime; text_font=\u00a0\u00bb||||||||\u00a0\u00bb text_font_size=\u00a0\u00bb16px\u00a0\u00bb text_line_height=\u00a0\u00bb2em\u00a0\u00bb header_font=\u00a0\u00bb||||||||\u00a0\u00bb header_2_font=\u00a0\u00bbRaleway|700|||||||\u00a0\u00bb header_2_font_size=\u00a0\u00bb50px\u00a0\u00bb header_2_line_height=\u00a0\u00bb1.4em\u00a0\u00bb header_6_font=\u00a0\u00bbRaleway|700||on|||||\u00a0\u00bb header_6_font_size=\u00a0\u00bb16px\u00a0\u00bb header_6_letter_spacing=\u00a0\u00bb5px\u00a0\u00bb header_6_line_height=\u00a0\u00bb1.8em\u00a0\u00bb max_width=\u00a0\u00bb700px\u00a0\u00bb module_alignment=\u00a0\u00bbcenter\u00a0\u00bb header_2_font_size_tablet=\u00a0\u00bb35px\u00a0\u00bb header_2_font_size_phone=\u00a0\u00bb25px\u00a0\u00bb header_2_font_size_last_edited=\u00a0\u00bbon|phone\u00a0\u00bb global_colors_info=\u00a0\u00bb{}\u00a0\u00bb]<\/p>\n<h1 style=\"text-align: center;\"><span style=\"color: #0c71c3;\">A PROXIMITE<br \/><\/span><\/h1>\n<p>[\/et_pb_text][\/et_pb_column][\/et_pb_row][et_pb_row column_structure=\u00a0\u00bb1_2,1_2&Prime; _builder_version=\u00a0\u00bb4.20.4&Prime; width=\u00a0\u00bb100%\u00a0\u00bb max_width=\u00a0\u00bb80%\u00a0\u00bb global_colors_info=\u00a0\u00bb{}\u00a0\u00bb][et_pb_column type=\u00a0\u00bb1_2&Prime; _builder_version=\u00a0\u00bb4.16&Prime; global_colors_info=\u00a0\u00bb{}\u00a0\u00bb][et_pb_text _builder_version=\u00a0\u00bb4.21.0&Prime; animation_style=\u00a0\u00bbslide\u00a0\u00bb animation_direction=\u00a0\u00bbleft\u00a0\u00bb global_colors_info=\u00a0\u00bb{}\u00a0\u00bb]<\/p>\n<ul>\n<li><span style=\"color: #000000;\">Le Lyc\u00e9e Mass\u00e9na<\/span><\/li>\n<\/ul>\n<p><span style=\"color: #000000;\"><iframe loading=\"lazy\" src=\"https:\/\/maps.google.com\/maps?f=d&amp;source=s_d&amp;saddr=r%C3%A9sidence+s%C3%A9gurane&amp;daddr=Lyc%C3%A9e+Mass%C3%A9na,+2+Avenue+F%C3%A9lix+Faure,+06000+Nice,+France&amp;geocode=FYnTmgIdQCRvACHBF18gFdLwHimhyZLJudrNEjHBF18gFdLwHg%3BFTXNmgIdjgNvACnNmoE1u9rNEjGTYhaeKIF2sg&amp;aq=&amp;sll=43.701102,7.280256&amp;sspn=0.007175,0.016512&amp;hl=fr&amp;dirflg=w&amp;mra=ltm&amp;ie=UTF8&amp;ll=43.700056,7.27997&amp;spn=0.001974,0.00768&amp;t=m&amp;output=embed\" marginwidth=\"0\" marginheight=\"0\" scrolling=\"no\" width=\"600\" height=\"350\" frameborder=\"0\"><\/iframe><\/span><br \/><span style=\"color: #000000;\"> <small><a style=\"color: #000000; text-align: left;\" href=\"https:\/\/maps.google.com\/maps?f=d&amp;source=embed&amp;saddr=r%C3%A9sidence+s%C3%A9gurane&amp;daddr=Lyc%C3%A9e+Mass%C3%A9na,+2+Avenue+F%C3%A9lix+Faure,+06000+Nice,+France&amp;geocode=FYnTmgIdQCRvACHBF18gFdLwHimhyZLJudrNEjHBF18gFdLwHg%3BFTXNmgIdjgNvACnNmoE1u9rNEjGTYhaeKIF2sg&amp;aq=&amp;sll=43.701102,7.280256&amp;sspn=0.007175,0.016512&amp;hl=fr&amp;dirflg=w&amp;mra=ltm&amp;ie=UTF8&amp;ll=43.700056,7.27997&amp;spn=0.001974,0.00768&amp;t=m\">Agrandir le plan<\/a><\/small><\/span><\/p>\n<ul>\n<li><span style=\"color: #000000;\">Autres \u00e9coles \u00e0 proximit\u00e9 :<\/span>\n<div dir=\"ltr\" data-setdir=\"false\"><span style=\"color: #000000;\">.ECOLE IPAG: 4 Boulevard Carabacel, 06000 Nice<\/span><\/div>\n<div dir=\"ltr\" data-setdir=\"false\"><span style=\"color: #000000;\">.ECOLE ESRA: 9 Quai des deux Emmanuels, 06300 Nice<\/span><\/div>\n<div dir=\"ltr\" data-setdir=\"false\"><span style=\"color: #000000;\">.ECOLE du JOURNALISME de NICE: 69 rue de Roquebiliere, 06300 Nice<\/span><\/div>\n<\/li>\n<li><span style=\"color: #000000;\">Les transports :<\/span><\/li>\n<\/ul>\n<p><span style=\"color: #000000;\">Par la place Garibaldi, situ\u00e9e \u00e0 200 m de la R\u00e9sidence, l\u2019\u00e9tudiant acc\u00e8de aux 4 coins de Nice avec le tramway et les bus.<\/span><\/p>\n<div dir=\"ltr\" data-setdir=\"false\"><span style=\"color: #000000;\">A Proximit\u00e9 de la R\u00e9sidence nous avons 3 stations de tramways ( les 2\u00a0 Garibaldi, et station du port), sur\u00a0 deux lignes de tramway ( Ligne 1 et 2)<\/span><\/div>\n<p><span style=\"color: #000000;\">Pour une destination plus lointaine, toujours proche de la R\u00e9sidence : la Gare SNCF de Nice-Riquier et la Gare routi\u00e8re (Bus direct vers l\u2019a\u00e9roport) \u2026<\/span><\/p>\n<p><span style=\"color: #000000;\">Et \u00e9galement, le port avec les compagnies SNCM et Corsica Ferries<\/span><\/p>\n<ul>\n<li><span style=\"color: #000000;\">Les commerces :<\/span><\/li>\n<\/ul>\n<p><span style=\"color: #000000;\">Les petits commerce dynamiques de la rue Bonaparte, les moyennes surfaces de la Place Garibaldi, ou le Centre Commercial Carrefour Nice TNL<\/span><\/p>\n<p>[\/et_pb_text][\/et_pb_column][et_pb_column type=\u00a0\u00bb1_2&Prime; _builder_version=\u00a0\u00bb4.16&Prime; global_colors_info=\u00a0\u00bb{}\u00a0\u00bb][et_pb_image src=\u00a0\u00bbhttp:\/\/segurane.org\/wp-content\/uploads\/2023\/05\/travel-g85d2a96f1_1280.jpg\u00a0\u00bb title_text=\u00a0\u00bbtravel-g85d2a96f1_1280&Prime; align=\u00a0\u00bbcenter\u00a0\u00bb _builder_version=\u00a0\u00bb4.21.0&Prime; _module_preset=\u00a0\u00bbdefault\u00a0\u00bb width=\u00a0\u00bb80%\u00a0\u00bb animation_style=\u00a0\u00bbslide\u00a0\u00bb animation_direction=\u00a0\u00bbright\u00a0\u00bb global_colors_info=\u00a0\u00bb{}\u00a0\u00bb][\/et_pb_image][\/et_pb_column][\/et_pb_row][et_pb_row column_structure=\u00a0\u00bb1_3,1_3,1_3&Prime; _builder_version=\u00a0\u00bb4.21.0&Prime; _module_preset=\u00a0\u00bbdefault\u00a0\u00bb width=\u00a0\u00bb100%\u00a0\u00bb max_width=\u00a0\u00bb80%\u00a0\u00bb animation_style=\u00a0\u00bbslide\u00a0\u00bb animation_direction=\u00a0\u00bbtop\u00a0\u00bb global_colors_info=\u00a0\u00bb{}\u00a0\u00bb][et_pb_column type=\u00a0\u00bb1_3&Prime; _builder_version=\u00a0\u00bb4.20.4&Prime; _module_preset=\u00a0\u00bbdefault\u00a0\u00bb global_colors_info=\u00a0\u00bb{}\u00a0\u00bb][et_pb_image src=\u00a0\u00bbhttp:\/\/segurane.org\/wp-content\/uploads\/2023\/05\/france-g3fd22efc4_1280.jpg\u00a0\u00bb _builder_version=\u00a0\u00bb4.20.4&Prime; _module_preset=\u00a0\u00bbdefault\u00a0\u00bb global_colors_info=\u00a0\u00bb{}\u00a0\u00bb][\/et_pb_image][\/et_pb_column][et_pb_column type=\u00a0\u00bb1_3&Prime; _builder_version=\u00a0\u00bb4.20.4&Prime; _module_preset=\u00a0\u00bbdefault\u00a0\u00bb global_colors_info=\u00a0\u00bb{}\u00a0\u00bb][et_pb_image src=\u00a0\u00bbhttp:\/\/segurane.org\/wp-content\/uploads\/2023\/05\/port-g718dd1310_1280.jpg\u00a0\u00bb title_text=\u00a0\u00bbPORT\u00a0\u00bb _builder_version=\u00a0\u00bb4.20.4&Prime; _module_preset=\u00a0\u00bbdefault\u00a0\u00bb width=\u00a0\u00bb85%\u00a0\u00bb global_colors_info=\u00a0\u00bb{}\u00a0\u00bb][\/et_pb_image][\/et_pb_column][et_pb_column type=\u00a0\u00bb1_3&Prime; _builder_version=\u00a0\u00bb4.20.4&Prime; _module_preset=\u00a0\u00bbdefault\u00a0\u00bb global_colors_info=\u00a0\u00bb{}\u00a0\u00bb][et_pb_image src=\u00a0\u00bbhttp:\/\/segurane.org\/wp-content\/uploads\/2023\/05\/france-g19537411f_1280.jpg\u00a0\u00bb title_text=\u00a0\u00bbPLAGE\u00a0\u00bb _builder_version=\u00a0\u00bb4.20.4&Prime; _module_preset=\u00a0\u00bbdefault\u00a0\u00bb width=\u00a0\u00bb85%\u00a0\u00bb global_colors_info=\u00a0\u00bb{}\u00a0\u00bb][\/et_pb_image][\/et_pb_column][\/et_pb_row][\/et_pb_section]<\/p>\n","protected":false},"excerpt":{"rendered":"<p>A PROXIMITE Le Lyc\u00e9e Mass\u00e9na Agrandir le plan Autres \u00e9coles \u00e0 proximit\u00e9 : .ECOLE IPAG: 4 Boulevard Carabacel, 06000 Nice .ECOLE ESRA: 9 Quai des deux Emmanuels, 06300 Nice .ECOLE du JOURNALISME de NICE: 69 rue de Roquebiliere, 06300 Nice Les transports : Par la place Garibaldi, situ\u00e9e \u00e0 200 m de la R\u00e9sidence, l\u2019\u00e9tudiant [&hellip;]<\/p>\n","protected":false},"author":1,"featured_media":0,"parent":0,"menu_order":0,"comment_status":"closed","ping_status":"closed","template":"","meta":{"_et_pb_use_builder":"on","_et_pb_old_content":"","_et_gb_content_width":"","ngg_post_thumbnail":0,"footnotes":""},"class_list":["post-12005","page","type-page","status-publish","hentry"],"_links":{"self":[{"href":"https:\/\/segurane.org\/index.php?rest_route=\/wp\/v2\/pages\/12005","targetHints":{"allow":["GET"]}}],"collection":[{"href":"https:\/\/segurane.org\/index.php?rest_route=\/wp\/v2\/pages"}],"about":[{"href":"https:\/\/segurane.org\/index.php?rest_route=\/wp\/v2\/types\/page"}],"author":[{"embeddable":true,"href":"https:\/\/segurane.org\/index.php?rest_route=\/wp\/v2\/users\/1"}],"replies":[{"embeddable":true,"href":"https:\/\/segurane.org\/index.php?rest_route=%2Fwp%2Fv2%2Fcomments&post=12005"}],"version-history":[{"count":9,"href":"https:\/\/segurane.org\/index.php?rest_route=\/wp\/v2\/pages\/12005\/revisions"}],"predecessor-version":[{"id":27361,"href":"https:\/\/segurane.org\/index.php?rest_route=\/wp\/v2\/pages\/12005\/revisions\/27361"}],"wp:attachment":[{"href":"https:\/\/segurane.org\/index.php?rest_route=%2Fwp%2Fv2%2Fmedia&parent=12005"}],"curies":[{"name":"wp","href":"https:\/\/api.w.org\/{rel}","templated":true}]}}