{"id":11990,"date":"2020-06-07T17:55:09","date_gmt":"2020-06-07T15:55:09","guid":{"rendered":"http:\/\/segurane.org\/?page_id=11990"},"modified":"2026-04-09T13:18:26","modified_gmt":"2026-04-09T11:18:26","slug":"infos-reservations-ok","status":"publish","type":"page","link":"https:\/\/segurane.org\/?page_id=11990","title":{"rendered":"INFOS \/ RESERVATIONS OK"},"content":{"rendered":"<p>[et_pb_section fb_built=\u00a0\u00bb1&Prime; admin_label=\u00a0\u00bbAbout Us\u00a0\u00bb _builder_version=\u00a0\u00bb4.16&Prime; custom_padding=\u00a0\u00bb0px||4px|||\u00a0\u00bb global_colors_info=\u00a0\u00bb{}\u00a0\u00bb][et_pb_row _builder_version=\u00a0\u00bb4.16&Prime; global_colors_info=\u00a0\u00bb{}\u00a0\u00bb][et_pb_column type=\u00a0\u00bb4_4&Prime; _builder_version=\u00a0\u00bb4.16&Prime; global_colors_info=\u00a0\u00bb{}\u00a0\u00bb][et_pb_text _builder_version=\u00a0\u00bb4.20.4&Prime; text_font=\u00a0\u00bb||||||||\u00a0\u00bb text_font_size=\u00a0\u00bb16px\u00a0\u00bb text_line_height=\u00a0\u00bb2em\u00a0\u00bb header_font=\u00a0\u00bb||||||||\u00a0\u00bb header_2_font=\u00a0\u00bbRaleway|700|||||||\u00a0\u00bb header_2_font_size=\u00a0\u00bb50px\u00a0\u00bb header_2_line_height=\u00a0\u00bb1.4em\u00a0\u00bb header_6_font=\u00a0\u00bbRaleway|700||on|||||\u00a0\u00bb header_6_font_size=\u00a0\u00bb16px\u00a0\u00bb header_6_letter_spacing=\u00a0\u00bb5px\u00a0\u00bb header_6_line_height=\u00a0\u00bb1.8em\u00a0\u00bb max_width=\u00a0\u00bb700px\u00a0\u00bb module_alignment=\u00a0\u00bbcenter\u00a0\u00bb header_2_font_size_tablet=\u00a0\u00bb35px\u00a0\u00bb header_2_font_size_phone=\u00a0\u00bb25px\u00a0\u00bb header_2_font_size_last_edited=\u00a0\u00bbon|phone\u00a0\u00bb global_colors_info=\u00a0\u00bb{}\u00a0\u00bb]<\/p>\n<h1 style=\"text-align: center;\"><span style=\"color: #0c71c3;\">TARIFS<br \/><\/span><\/h1>\n<p>[\/et_pb_text][\/et_pb_column][\/et_pb_row][et_pb_row column_structure=\u00a0\u00bb1_3,1_3,1_3&Prime; _builder_version=\u00a0\u00bb4.20.4&Prime; _module_preset=\u00a0\u00bbdefault\u00a0\u00bb global_colors_info=\u00a0\u00bb{}\u00a0\u00bb][et_pb_column type=\u00a0\u00bb1_3&Prime; _builder_version=\u00a0\u00bb4.20.4&Prime; _module_preset=\u00a0\u00bbdefault\u00a0\u00bb global_colors_info=\u00a0\u00bb{}\u00a0\u00bb][et_pb_image src=\u00a0\u00bbhttp:\/\/segurane.org\/wp-content\/uploads\/2023\/05\/pngegg83.png\u00a0\u00bb title_text=\u00a0\u00bbCB\u00a0\u00bb align=\u00a0\u00bbcenter\u00a0\u00bb _builder_version=\u00a0\u00bb4.21.0&Prime; _module_preset=\u00a0\u00bbdefault\u00a0\u00bb animation_style=\u00a0\u00bbslide\u00a0\u00bb animation_direction=\u00a0\u00bbleft\u00a0\u00bb global_colors_info=\u00a0\u00bb{}\u00a0\u00bb][\/et_pb_image][\/et_pb_column][et_pb_column type=\u00a0\u00bb1_3&Prime; _builder_version=\u00a0\u00bb4.20.4&Prime; _module_preset=\u00a0\u00bbdefault\u00a0\u00bb global_colors_info=\u00a0\u00bb{}\u00a0\u00bb][et_pb_image src=\u00a0\u00bbhttp:\/\/segurane.org\/wp-content\/uploads\/2023\/05\/pngegg82.png\u00a0\u00bb title_text=\u00a0\u00bbCHEQUE2)\u00a0\u00bb align=\u00a0\u00bbcenter\u00a0\u00bb _builder_version=\u00a0\u00bb4.21.0&Prime; _module_preset=\u00a0\u00bbdefault\u00a0\u00bb animation_style=\u00a0\u00bbslide\u00a0\u00bb animation_direction=\u00a0\u00bbtop\u00a0\u00bb global_colors_info=\u00a0\u00bb{}\u00a0\u00bb][\/et_pb_image][\/et_pb_column][et_pb_column type=\u00a0\u00bb1_3&Prime; _builder_version=\u00a0\u00bb4.20.4&Prime; _module_preset=\u00a0\u00bbdefault\u00a0\u00bb global_colors_info=\u00a0\u00bb{}\u00a0\u00bb][et_pb_image src=\u00a0\u00bbhttp:\/\/segurane.org\/wp-content\/uploads\/2023\/05\/pngegg84.png\u00a0\u00bb title_text=\u00a0\u00bbBANQUE\u00a0\u00bb align=\u00a0\u00bbcenter\u00a0\u00bb _builder_version=\u00a0\u00bb4.21.0&Prime; _module_preset=\u00a0\u00bbdefault\u00a0\u00bb animation_style=\u00a0\u00bbslide\u00a0\u00bb animation_direction=\u00a0\u00bbright\u00a0\u00bb global_colors_info=\u00a0\u00bb{}\u00a0\u00bb][\/et_pb_image][\/et_pb_column][\/et_pb_row][et_pb_row _builder_version=\u00a0\u00bb4.16&Prime; custom_padding=\u00a0\u00bb6px||5px|||\u00a0\u00bb global_colors_info=\u00a0\u00bb{}\u00a0\u00bb][et_pb_column type=\u00a0\u00bb4_4&Prime; _builder_version=\u00a0\u00bb4.16&Prime; global_colors_info=\u00a0\u00bb{}\u00a0\u00bb][et_pb_text _builder_version=\u00a0\u00bb4.21.0&Prime; text_text_color=\u00a0\u00bb#000000&Prime; global_colors_info=\u00a0\u00bb{}\u00a0\u00bb]<\/p>\n<p>&nbsp;<\/p>\n<table width=\"584\" cellspacing=\"0\" cellpadding=\"0\" border=\"0\">\n<tbody>\n<tr>\n<td style=\"text-align: center;\" colspan=\"6\" width=\"584\" height=\"25\">\u00a0<span style=\"color: #800000;\">TARIFS DE LOCATION\u00a0\u00a0 \u2013\u00a0\u00a0 ANN\u00c9E UNIVERSITAIRE 2026-2027<\/span><\/td>\n<\/tr>\n<tr>\n<td style=\"text-align: center;\" colspan=\"6\" width=\"584\" height=\"21\"><span style=\"color: #800000;\">Tarifs appliqu\u00e9s du 01\/09\/2026 au 31\/08\/2027<\/span><\/td>\n<\/tr>\n<tr>\n<td style=\"text-align: center;\" height=\"22\"><span style=\"color: #000080;\">STUDIO<\/span><\/td>\n<td style=\"text-align: center;\"><span style=\"color: #000080;\">TYPE<\/span><\/td>\n<td style=\"text-align: center;\"><span style=\"color: #000080;\">12 mois<\/span><\/td>\n<td style=\"text-align: center;\"><span style=\"color: #000080;\">10\/11 mois<\/span><\/td>\n<td style=\"text-align: center;\"><span style=\"color: #000080;\">\u00a09 \/ 8 \/ 7 mois<\/span><\/td>\n<td style=\"text-align: center;\"><span style=\"color: #000080;\">De 1 \u00e0 6 mois<\/span><\/td>\n<\/tr>\n<tr>\n<td style=\"text-align: center;\" width=\"90\" height=\"58\"><span style=\"color: #000080;\">Individuel\u00a0\u00a0\u00a0\u00a0\u00a0\u00a0\u00a0\u00a0\u00a0\u00a0\u00a0\u00a0\u00a0\u00a0\u00a0 (15 \u00e0 17 m\u00b2)<\/span><\/td>\n<td style=\"text-align: center;\" width=\"54\">1<\/td>\n<td style=\"text-align: center;\" width=\"110\">705 \u20ac<\/td>\n<td style=\"text-align: center;\">720 \u20ac<\/td>\n<td style=\"text-align: center;\" width=\"110\">755 \u20ac<\/td>\n<td style=\"text-align: center;\">800 \u20ac<\/td>\n<\/tr>\n<tr>\n<td style=\"text-align: center;\" width=\"90\" height=\"58\"><span style=\"color: #000080;\">Individuel+balcon\u00a0 (15 \u00e0 17 m\u00b2)<\/span><\/td>\n<td style=\"text-align: center;\" width=\"54\">2<\/td>\n<td style=\"text-align: center;\" width=\"110\">720 \u20ac<\/td>\n<td style=\"text-align: center;\">735 \u20ac<\/td>\n<td style=\"text-align: center;\" width=\"110\">770 \u20ac<\/td>\n<td style=\"text-align: center;\">815 \u20ac<\/td>\n<\/tr>\n<tr>\n<td style=\"text-align: center;\" width=\"90\" height=\"58\"><span style=\"color: #000080;\">Individuel 26 m\u00b2<\/span><\/td>\n<td style=\"text-align: center;\" width=\"54\">3<\/td>\n<td style=\"text-align: center;\" width=\"110\">785 \u20ac<\/td>\n<td style=\"text-align: center;\">800 \u20ac<\/td>\n<td style=\"text-align: center;\" width=\"110\">825 \u20ac<\/td>\n<td style=\"text-align: center;\">885 \u20ac<\/td>\n<\/tr>\n<tr>\n<td style=\"text-align: center;\" width=\"90\" height=\"58\"><span style=\"color: #000080;\">Individuel 26 m\u00b2 \u00a0 \u00a0( 2 pi\u00e8ces)<\/span><\/td>\n<td style=\"text-align: center;\" width=\"54\">4<\/td>\n<td style=\"text-align: center;\" width=\"110\">785 \u20ac<\/td>\n<td style=\"text-align: center;\">800 \u20ac<\/td>\n<td style=\"text-align: center;\" width=\"110\">825 \u20ac<\/td>\n<td style=\"text-align: center;\">885 \u20ac<\/td>\n<\/tr>\n<tr>\n<td style=\"text-align: center;\" width=\"90\" height=\"58\"><span style=\"color: #000080;\">Appartement\u00a0 36m\u00b2 ( par pers.)<\/span><\/td>\n<td style=\"text-align: center;\" width=\"54\">5<\/td>\n<td style=\"text-align: center;\" width=\"110\">540 \u20ac<\/td>\n<td style=\"text-align: center;\">555 \u20ac<\/td>\n<td style=\"text-align: center;\" width=\"110\">585 \u20ac<\/td>\n<td style=\"text-align: center;\">615 \u20ac<\/td>\n<\/tr>\n<tr>\n<td style=\"text-align: center;\" colspan=\"6\" width=\"584\" height=\"21\">\u00a0<span style=\"color: #800000;\">Prix mensuel exprim\u00e9 en Euros, TVA 10% incluse , toutes charges comprises, par personne.<\/span><\/td>\n<\/tr>\n<tr>\n<td colspan=\"6\" width=\"584\" height=\"8\"><\/td>\n<\/tr>\n<tr>\n<td colspan=\"3\" height=\"54\"><span style=\"color: #000080;\">FRAIS DE DOSSIER 1\u00e8re ANN\u00c9E 540 \u20ac<br \/>FRAIS DE DOSSIER RENOUVELLEMENT 340 \u20ac<br \/><\/span><\/td>\n<td width=\"110\"><\/td>\n<td style=\"text-align: justify;\" colspan=\"2\" rowspan=\"7\" width=\"220\">En cas de d\u00e9part du locataire avant la date d\u2019\u00e9ch\u00e9ance pr\u00e9vue \u00e0 la signature de la convention de location, le loyer sera red\u00e9fini par le bar\u00e8me ci-dessus selon la dur\u00e9e r\u00e9elle d\u2019occupation. Il y aura donc r\u00e9troactivit\u00e9. La diff\u00e9rence pourra se compenser totalement ou partiellement avec la caution.<\/td>\n<\/tr>\n<tr>\n<td colspan=\"4\" width=\"364\" height=\"17\"><span style=\"color: #000080;\">CAUTION : 1 mois de loyer<\/span><\/td>\n<\/tr>\n<tr>\n<td height=\"17\"><\/td>\n<td><\/td>\n<td><\/td>\n<td><\/td>\n<\/tr>\n<tr>\n<td colspan=\"3\" height=\"19\"><span style=\"color: #000080;\">PARKING : 150 \u20ac\u00a0 ( mensuel )<\/span><\/td>\n<td><\/td>\n<\/tr>\n<tr>\n<td colspan=\"3\" height=\"15\"><span style=\"color: #000080;\">(caution \u00e9metteur portails : 100 \u20ac)<\/span><\/td>\n<td><\/td>\n<\/tr>\n<tr>\n<td height=\"17\"><\/td>\n<td><\/td>\n<td><\/td>\n<td><\/td>\n<\/tr>\n<tr>\n<td height=\"27\"><\/td>\n<td><\/td>\n<td><\/td>\n<td><\/td>\n<\/tr>\n<tr>\n<td style=\"text-align: center;\" colspan=\"6\" rowspan=\"2\" width=\"584\" height=\"94\">\n<div dir=\"ltr\" data-setdir=\"false\">Pour les frais de dossiers, en plus du ch\u00e8que, possibilit\u00e9 de paiement par CB, par virement, ou par Pr\u00e9l\u00e8vement <a href=\"http:\/\/segurane.org\/wp-content\/uploads\/2020\/04\/Mandat-SEPA.pdf\">SEPA<\/a><\/div>\n<p>Veuillez joindre \u00e0 votre r\u00e9servation un ch\u00e8que de 495 \u20ac , \u00e0 l\u2019ordre de la R\u00e9sidence Segurane, au titre des frais de dossier, encaiss\u00e9 \u00e0 la remise ou l\u2019envoi du dossier d\u2019inscription ou acc\u00e9dez au paiement CB dans la rubrique \u00ab R\u00e9servations \u00bb. Toute demande non accompagn\u00e9e de ce ch\u00e8que ne sera pas prise en compte. Les frais de dossier ne sont en aucun cas remboursables apr\u00e8s remise ou envoi du dossier d\u2019inscription.<\/p>\n<p><em><strong><span style=\"color: #800000;\">Pour toute r\u00e9servation de moins de 6 mois, merci de contacter directement la r\u00e9sidence <\/span><\/strong><\/em><br \/><em><strong><span style=\"color: #800000;\">( cf rubrique contact)\u00a0<\/span><\/strong><\/em><\/p>\n<p>In addition to cheques, payment can be made by credit card, bank transfer or SEPA Direct Debit.<\/p>\n<p>Please enclose with your booking a cheque for 495 \u20ac, payable to R\u00e9sidence Segurane, for the booking fee, which will be cashed when you receive or send the registration form or access the credit card payment in the \u00ab Reservations \u00bb section. Any request not accompanied by this cheque will not be taken into account. The application fee is not refundable under any circumstances once the registration form has been handed in or sent.<\/p>\n<\/td>\n<\/tr>\n<\/tbody>\n<\/table>\n<p>&nbsp;<\/p>\n<p>[\/et_pb_text][\/et_pb_column][\/et_pb_row][et_pb_row _builder_version=\u00a0\u00bb4.21.0&Prime; _module_preset=\u00a0\u00bbdefault\u00a0\u00bb global_colors_info=\u00a0\u00bb{}\u00a0\u00bb][et_pb_column type=\u00a0\u00bb4_4&Prime; _builder_version=\u00a0\u00bb4.21.0&Prime; _module_preset=\u00a0\u00bbdefault\u00a0\u00bb global_colors_info=\u00a0\u00bb{}\u00a0\u00bb][et_pb_text _builder_version=\u00a0\u00bb4.21.0&Prime; _module_preset=\u00a0\u00bbdefault\u00a0\u00bb global_colors_info=\u00a0\u00bb{}\u00a0\u00bb]<\/p>\n<h2 dir=\"ltr\" data-setdir=\"false\"><strong><em><span style=\"color: #0c71c3;\">-TARIF \u00c9T\u00c9 2026:<\/span><\/em><\/strong><\/h2>\n<div dir=\"ltr\" data-setdir=\"false\"><em><strong>Pour les r\u00e9servations individuelles: TARIF UNIQUE :<\/strong><strong> 325\u20ac TTC<\/strong><\/em> par personne et par semaine<\/div>\n<div dir=\"ltr\" data-setdir=\"false\"><\/div>\n<div dir=\"ltr\" data-setdir=\"false\"><em><strong>Pour les r\u00e9servations des \u00c9coles :<\/strong> <\/em>Nous contacter pour un devis<\/div>\n<p>[\/et_pb_text][\/et_pb_column][\/et_pb_row][\/et_pb_section][et_pb_section fb_built=\u00a0\u00bb1&Prime; _builder_version=\u00a0\u00bb4.21.0&Prime; _module_preset=\u00a0\u00bbdefault\u00a0\u00bb custom_padding=\u00a0\u00bb0px||0px|||\u00a0\u00bb global_colors_info=\u00a0\u00bb{}\u00a0\u00bb][et_pb_row _builder_version=\u00a0\u00bb4.21.0&Prime; _module_preset=\u00a0\u00bbdefault\u00a0\u00bb custom_padding=\u00a0\u00bb18px||9px||false|\u00a0\u00bb global_colors_info=\u00a0\u00bb{}\u00a0\u00bb][et_pb_column type=\u00a0\u00bb4_4&Prime; _builder_version=\u00a0\u00bb4.21.0&Prime; _module_preset=\u00a0\u00bbdefault\u00a0\u00bb global_colors_info=\u00a0\u00bb{}\u00a0\u00bb][et_pb_icon font_icon=\u00a0\u00bb&#x6f;||divi||400&Prime; icon_color=\u00a0\u00bb#0C71C3&Prime; _builder_version=\u00a0\u00bb4.21.0&Prime; _module_preset=\u00a0\u00bbdefault\u00a0\u00bb global_colors_info=\u00a0\u00bb{}\u00a0\u00bb][\/et_pb_icon][et_pb_text _builder_version=\u00a0\u00bb4.21.0&Prime; _module_preset=\u00a0\u00bbdefault\u00a0\u00bb min_height=\u00a0\u00bb95px\u00a0\u00bb hover_enabled=\u00a0\u00bb0&Prime; global_colors_info=\u00a0\u00bb{}\u00a0\u00bb sticky_enabled=\u00a0\u00bb0&Prime;]<\/p>\n<h2 style=\"text-align: center;\">T\u00e9l\u00e9chargez le <span style=\"color: #0c71c3;\"><em><strong><a href=\"http:\/\/segurane.org\/wp-content\/uploads\/2026\/04\/FORMULAIRE-DE-DEMANDE-DE-LOGEMENT-2026-2027.pdf\" target=\"_blank\" rel=\"noopener\" style=\"color: #0c71c3;\">FORMULAIRE DE DEMANDE DE LOGEMENT<\/a><\/strong><\/em><\/span><\/h2>\n<p>[\/et_pb_text][\/et_pb_column][\/et_pb_row][\/et_pb_section][et_pb_section fb_built=\u00a0\u00bb1&Prime; admin_label=\u00a0\u00bbAbout Us\u00a0\u00bb _builder_version=\u00a0\u00bb4.16&Prime; custom_padding=\u00a0\u00bb0px||6px|||\u00a0\u00bb global_colors_info=\u00a0\u00bb{}\u00a0\u00bb][et_pb_row _builder_version=\u00a0\u00bb4.16&Prime; global_colors_info=\u00a0\u00bb{}\u00a0\u00bb][et_pb_column type=\u00a0\u00bb4_4&Prime; _builder_version=\u00a0\u00bb4.16&Prime; global_colors_info=\u00a0\u00bb{}\u00a0\u00bb][et_pb_text _builder_version=\u00a0\u00bb4.21.0&Prime; text_font=\u00a0\u00bb||||||||\u00a0\u00bb text_font_size=\u00a0\u00bb16px\u00a0\u00bb text_line_height=\u00a0\u00bb2em\u00a0\u00bb header_font=\u00a0\u00bb||||||||\u00a0\u00bb header_2_font=\u00a0\u00bbRaleway|700|||||||\u00a0\u00bb header_2_font_size=\u00a0\u00bb50px\u00a0\u00bb header_2_line_height=\u00a0\u00bb1.4em\u00a0\u00bb header_6_font=\u00a0\u00bbRaleway|700||on|||||\u00a0\u00bb header_6_font_size=\u00a0\u00bb16px\u00a0\u00bb header_6_letter_spacing=\u00a0\u00bb5px\u00a0\u00bb header_6_line_height=\u00a0\u00bb1.8em\u00a0\u00bb max_width=\u00a0\u00bb700px\u00a0\u00bb module_alignment=\u00a0\u00bbcenter\u00a0\u00bb header_2_font_size_tablet=\u00a0\u00bb35px\u00a0\u00bb header_2_font_size_phone=\u00a0\u00bb25px\u00a0\u00bb header_2_font_size_last_edited=\u00a0\u00bbon|phone\u00a0\u00bb global_colors_info=\u00a0\u00bb{}\u00a0\u00bb]<\/p>\n<h1 style=\"text-align: center;\"><span style=\"color: #0c71c3;\">FRAIS DE DOSSIER<br \/><\/span><\/h1>\n<p>[\/et_pb_text][\/et_pb_column][\/et_pb_row][et_pb_row _builder_version=\u00a0\u00bb4.16&Prime; global_colors_info=\u00a0\u00bb{}\u00a0\u00bb][et_pb_column type=\u00a0\u00bb4_4&Prime; _builder_version=\u00a0\u00bb4.16&Prime; global_colors_info=\u00a0\u00bb{}\u00a0\u00bb][et_pb_text _builder_version=\u00a0\u00bb4.21.0&Prime; _module_preset=\u00a0\u00bbdefault\u00a0\u00bb global_colors_info=\u00a0\u00bb{}\u00a0\u00bb]<\/p>\n<h2>540 \u20ac : la premi\u00e8re ann\u00e9e (First year)<\/h2>\n<h2>340 \u20ac : Renouvellement (Renew)<\/h2>\n<p>[\/et_pb_text][et_pb_image src=\u00a0\u00bbhttp:\/\/segurane.org\/wp-content\/uploads\/2023\/05\/office-g07e4079e3_1280.jpg\u00a0\u00bb title_text=\u00a0\u00bbDOSSIER\u00a0\u00bb align=\u00a0\u00bbcenter\u00a0\u00bb _builder_version=\u00a0\u00bb4.21.0&Prime; _module_preset=\u00a0\u00bbdefault\u00a0\u00bb width=\u00a0\u00bb45%\u00a0\u00bb max_width=\u00a0\u00bb50%\u00a0\u00bb min_height=\u00a0\u00bb100%\u00a0\u00bb height=\u00a0\u00bb50%\u00a0\u00bb animation_style=\u00a0\u00bbslide\u00a0\u00bb animation_direction=\u00a0\u00bbbottom\u00a0\u00bb global_colors_info=\u00a0\u00bb{}\u00a0\u00bb][\/et_pb_image][\/et_pb_column][\/et_pb_row][\/et_pb_section][et_pb_section fb_built=\u00a0\u00bb1&Prime; admin_label=\u00a0\u00bbAbout Us\u00a0\u00bb _builder_version=\u00a0\u00bb4.16&Prime; custom_padding=\u00a0\u00bb0px||27px|||\u00a0\u00bb global_colors_info=\u00a0\u00bb{}\u00a0\u00bb][et_pb_row _builder_version=\u00a0\u00bb4.16&Prime; global_colors_info=\u00a0\u00bb{}\u00a0\u00bb][et_pb_column type=\u00a0\u00bb4_4&Prime; _builder_version=\u00a0\u00bb4.16&Prime; global_colors_info=\u00a0\u00bb{}\u00a0\u00bb][et_pb_text _builder_version=\u00a0\u00bb4.21.0&Prime; text_font=\u00a0\u00bb||||||||\u00a0\u00bb text_font_size=\u00a0\u00bb16px\u00a0\u00bb text_line_height=\u00a0\u00bb2em\u00a0\u00bb header_font=\u00a0\u00bb||||||||\u00a0\u00bb header_2_font=\u00a0\u00bbRaleway|700|||||||\u00a0\u00bb header_2_font_size=\u00a0\u00bb50px\u00a0\u00bb header_2_line_height=\u00a0\u00bb1.4em\u00a0\u00bb header_6_font=\u00a0\u00bbRaleway|700||on|||||\u00a0\u00bb header_6_font_size=\u00a0\u00bb16px\u00a0\u00bb header_6_letter_spacing=\u00a0\u00bb5px\u00a0\u00bb header_6_line_height=\u00a0\u00bb1.8em\u00a0\u00bb max_width=\u00a0\u00bb700px\u00a0\u00bb module_alignment=\u00a0\u00bbcenter\u00a0\u00bb header_2_font_size_tablet=\u00a0\u00bb35px\u00a0\u00bb header_2_font_size_phone=\u00a0\u00bb25px\u00a0\u00bb header_2_font_size_last_edited=\u00a0\u00bbon|phone\u00a0\u00bb global_colors_info=\u00a0\u00bb{}\u00a0\u00bb]<\/p>\n<h1 style=\"text-align: center;\"><span style=\"color: #0c71c3;\">INFOS \/ R\u00c9SERVATIONS<br \/><\/span><\/h1>\n<p>[\/et_pb_text][\/et_pb_column][\/et_pb_row][et_pb_row column_structure=\u00a0\u00bb1_2,1_2&Prime; _builder_version=\u00a0\u00bb4.20.4&Prime; _module_preset=\u00a0\u00bbdefault\u00a0\u00bb width=\u00a0\u00bb100%\u00a0\u00bb max_width=\u00a0\u00bb80%\u00a0\u00bb global_colors_info=\u00a0\u00bb{}\u00a0\u00bb][et_pb_column type=\u00a0\u00bb1_2&Prime; _builder_version=\u00a0\u00bb4.16&Prime; _module_preset=\u00a0\u00bbdefault\u00a0\u00bb global_colors_info=\u00a0\u00bb{}\u00a0\u00bb][et_pb_text _builder_version=\u00a0\u00bb4.21.0&Prime; animation_style=\u00a0\u00bbslide\u00a0\u00bb animation_direction=\u00a0\u00bbright\u00a0\u00bb global_colors_info=\u00a0\u00bb{}\u00a0\u00bb]<\/p>\n<ul>\n<li style=\"text-align: left;\">\n<h2>Pour toute r\u00e9servation, merci de prendre directement contact avec la r\u00e9sidence, soit par t\u00e9l\u00e9phone, soit par mail !<\/h2>\n<\/li>\n<li>\n<h2><em>For all reservations, please contact the residence directly, either by telephone or by e-mail!<\/em><\/h2>\n<\/li>\n<\/ul>\n<p>[\/et_pb_text][et_pb_text _builder_version=\u00a0\u00bb4.21.0&Prime; _module_preset=\u00a0\u00bbdefault\u00a0\u00bb animation_style=\u00a0\u00bbslide\u00a0\u00bb animation_direction=\u00a0\u00bbleft\u00a0\u00bb global_colors_info=\u00a0\u00bb{}\u00a0\u00bb]<\/p>\n<ul>\n<li>\n<h2>Apr\u00e8s envoi de votre questionnaire, nous nous ferons un plaisir de vous r\u00e9pondre sous 3 jours maximum !!!<\/h2>\n<\/li>\n<li>\n<h2><em>After sending your questionnaire, we will be happy to answer you within 3 days maximum!<\/em><\/h2>\n<\/li>\n<\/ul>\n<p>[\/et_pb_text][\/et_pb_column][et_pb_column type=\u00a0\u00bb1_2&Prime; _builder_version=\u00a0\u00bb4.16&Prime; _module_preset=\u00a0\u00bbdefault\u00a0\u00bb global_colors_info=\u00a0\u00bb{}\u00a0\u00bb][et_pb_text _builder_version=\u00a0\u00bb4.21.0&Prime; animation_style=\u00a0\u00bbslide\u00a0\u00bb animation_direction=\u00a0\u00bbright\u00a0\u00bb global_colors_info=\u00a0\u00bb{}\u00a0\u00bb]<\/p>\n<p style=\"text-align: justify;\">\u00a0<span style=\"color: #000000;\">Apr\u00e8s avoir rempli le formulaire ci-dessous, nous vous enverrons par mail la confirmation et le montant de votre r\u00e9servation dans les plus brefs d\u00e9lais par rapport aux crit\u00e8res recueillis. D\u00e8s ce moment, votre commande sera d\u00e9finitivement valid\u00e9e apr\u00e8s le paiement des frais de dossier (450 \u20ac pour la premi\u00e8re ann\u00e9e) ou du renouvellement du bail (250 \u20ac \u00e0 partir de la deuxi\u00e8me ann\u00e9e)<\/span><\/p>\n<p style=\"text-align: justify;\"><em><span style=\"color: #000000;\">After filling in the form below, we will send you by e-mail the confirmation and the amount of your reservation as soon as possible according to the criteria collected. From this moment, your order will be definitively validated after the payment of the file fees (450 \u20ac for the first year) or the renewal of the lease (250 \u20ac from the second year).<\/span><\/em><\/p>\n<p>[\/et_pb_text][et_pb_code _builder_version=\u00a0\u00bb4.21.0&Prime; _module_preset=\u00a0\u00bbdefault\u00a0\u00bb animation_style=\u00a0\u00bbslide\u00a0\u00bb animation_direction=\u00a0\u00bbbottom\u00a0\u00bb global_colors_info=\u00a0\u00bb{}\u00a0\u00bb][form id=\u00a0\u00bb343&Prime;][\/et_pb_code][\/et_pb_column][\/et_pb_row][\/et_pb_section]<\/p>\n","protected":false},"excerpt":{"rendered":"<p>TARIFS&nbsp; \u00a0TARIFS DE LOCATION\u00a0\u00a0 \u2013\u00a0\u00a0 ANN\u00c9E UNIVERSITAIRE 2026-2027 Tarifs appliqu\u00e9s du 01\/09\/2026 au 31\/08\/2027 STUDIO TYPE 12 mois 10\/11 mois \u00a09 \/ 8 \/ 7 mois De 1 \u00e0 6 mois Individuel\u00a0\u00a0\u00a0\u00a0\u00a0\u00a0\u00a0\u00a0\u00a0\u00a0\u00a0\u00a0\u00a0\u00a0\u00a0 (15 \u00e0 17 m\u00b2) 1 705 \u20ac 720 \u20ac 755 \u20ac 800 \u20ac Individuel+balcon\u00a0 (15 \u00e0 17 m\u00b2) 2 720 \u20ac 735 \u20ac [&hellip;]<\/p>\n","protected":false},"author":1,"featured_media":0,"parent":0,"menu_order":0,"comment_status":"closed","ping_status":"closed","template":"","meta":{"_et_pb_use_builder":"on","_et_pb_old_content":"","_et_gb_content_width":"","ngg_post_thumbnail":0,"footnotes":""},"class_list":["post-11990","page","type-page","status-publish","hentry"],"_links":{"self":[{"href":"https:\/\/segurane.org\/index.php?rest_route=\/wp\/v2\/pages\/11990","targetHints":{"allow":["GET"]}}],"collection":[{"href":"https:\/\/segurane.org\/index.php?rest_route=\/wp\/v2\/pages"}],"about":[{"href":"https:\/\/segurane.org\/index.php?rest_route=\/wp\/v2\/types\/page"}],"author":[{"embeddable":true,"href":"https:\/\/segurane.org\/index.php?rest_route=\/wp\/v2\/users\/1"}],"replies":[{"embeddable":true,"href":"https:\/\/segurane.org\/index.php?rest_route=%2Fwp%2Fv2%2Fcomments&post=11990"}],"version-history":[{"count":43,"href":"https:\/\/segurane.org\/index.php?rest_route=\/wp\/v2\/pages\/11990\/revisions"}],"predecessor-version":[{"id":27465,"href":"https:\/\/segurane.org\/index.php?rest_route=\/wp\/v2\/pages\/11990\/revisions\/27465"}],"wp:attachment":[{"href":"https:\/\/segurane.org\/index.php?rest_route=%2Fwp%2Fv2%2Fmedia&parent=11990"}],"curies":[{"name":"wp","href":"https:\/\/api.w.org\/{rel}","templated":true}]}}